{"id":4921,"date":"2025-07-22T15:06:50","date_gmt":"2025-07-22T13:06:50","guid":{"rendered":"https:\/\/new2025.abk-pressenbau.de\/company\/"},"modified":"2026-02-04T14:49:23","modified_gmt":"2026-02-04T13:49:23","slug":"company","status":"publish","type":"page","link":"https:\/\/abk-pressenbau.de\/en\/company\/","title":{"rendered":"Company"},"content":{"rendered":"\t\t<div data-elementor-type=\"wp-page\" data-elementor-id=\"4921\" class=\"elementor elementor-4921 elementor-2310\" data-elementor-post-type=\"page\">\n\t\t\t\t<div class=\"elementor-element elementor-element-66f751e5 e-flex e-con-boxed e-con e-parent\" data-id=\"66f751e5\" data-element_type=\"container\" data-e-type=\"container\" data-settings=\"{&quot;background_background&quot;:&quot;classic&quot;}\">\n\t\t\t\t\t<div class=\"e-con-inner\">\n\t\t\t\t<div class=\"elementor-element elementor-element-2e399e22 elementor-widget elementor-widget-heading\" data-id=\"2e399e22\" data-element_type=\"widget\" data-e-type=\"widget\" data-widget_type=\"heading.default\">\n\t\t\t\t\t<h2 class=\"elementor-heading-title elementor-size-default\">Company<\/h2>\t\t\t\t<\/div>\n\t\t\t\t<div class=\"elementor-element elementor-element-769e3b3a elementor-widget-divider--view-line elementor-widget elementor-widget-divider\" data-id=\"769e3b3a\" data-element_type=\"widget\" data-e-type=\"widget\" data-widget_type=\"divider.default\">\n\t\t\t\t\t\t\t<div class=\"elementor-divider\">\n\t\t\t<span class=\"elementor-divider-separator\">\n\t\t\t\t\t\t<\/span>\n\t\t<\/div>\n\t\t\t\t\t\t<\/div>\n\t\t\t\t\t<\/div>\n\t\t\t\t<\/div>\n\t\t<div class=\"elementor-element elementor-element-ec9c324 e-flex e-con-boxed e-con e-parent\" data-id=\"ec9c324\" data-element_type=\"container\" data-e-type=\"container\">\n\t\t\t\t\t<div class=\"e-con-inner\">\n\t\t<div class=\"elementor-element elementor-element-efc762a e-con-full e-flex e-con e-child\" data-id=\"efc762a\" data-element_type=\"container\" data-e-type=\"container\">\n\t\t\t\t<div class=\"elementor-element elementor-element-79ed896 elementor-widget elementor-widget-image\" data-id=\"79ed896\" data-element_type=\"widget\" data-e-type=\"widget\" data-widget_type=\"image.default\">\n\t\t\t\t\t\t\t\t\t\t\t\t\t\t\t<img fetchpriority=\"high\" decoding=\"async\" width=\"800\" height=\"800\" src=\"https:\/\/abk-pressenbau.de\/wp-content\/uploads\/11473792-1024x1024.png\" class=\"attachment-large size-large wp-image-4881\" alt=\"\" srcset=\"https:\/\/abk-pressenbau.de\/wp-content\/uploads\/11473792-1024x1024.png 1024w, https:\/\/abk-pressenbau.de\/wp-content\/uploads\/11473792-300x300.png 300w, https:\/\/abk-pressenbau.de\/wp-content\/uploads\/11473792-150x150.png 150w, https:\/\/abk-pressenbau.de\/wp-content\/uploads\/11473792-768x768.png 768w, https:\/\/abk-pressenbau.de\/wp-content\/uploads\/11473792-1536x1536.png 1536w, https:\/\/abk-pressenbau.de\/wp-content\/uploads\/11473792.png 2000w\" sizes=\"(max-width: 800px) 100vw, 800px\" \/>\t\t\t\t\t\t\t\t\t\t\t\t\t\t\t<\/div>\n\t\t\t\t<div class=\"elementor-element elementor-element-6e2f831 elementor-widget elementor-widget-heading\" data-id=\"6e2f831\" data-element_type=\"widget\" data-e-type=\"widget\" data-widget_type=\"heading.default\">\n\t\t\t\t\t<h2 class=\"elementor-heading-title elementor-size-default\">Expertise &amp; Experience<\/h2>\t\t\t\t<\/div>\n\t\t\t\t<div class=\"elementor-element elementor-element-6bb8c8d elementor-widget-divider--view-line elementor-widget elementor-widget-divider\" data-id=\"6bb8c8d\" data-element_type=\"widget\" data-e-type=\"widget\" data-widget_type=\"divider.default\">\n\t\t\t\t\t\t\t<div class=\"elementor-divider\">\n\t\t\t<span class=\"elementor-divider-separator\">\n\t\t\t\t\t\t<\/span>\n\t\t<\/div>\n\t\t\t\t\t\t<\/div>\n\t\t\t\t<div class=\"elementor-element elementor-element-f80aea9 elementor-widget elementor-widget-text-editor\" data-id=\"f80aea9\" data-element_type=\"widget\" data-e-type=\"widget\" data-widget_type=\"text-editor.default\">\n\t\t\t\t\t\t\t\t\t<p data-start=\"1089\" data-end=\"1548\"><strong>abk Pressenbau stands for durable technology, customized solutions, and a deep understanding of the entire deburring process.<\/strong><br data-start=\"1229\" data-end=\"1232\" \/>Our strength lies in understanding complex requirements and turning them into precise solutions \u2013 technically well thought-out and perfectly tailored to each specific application. Thanks to our comprehensive consulting expertise, we consider not only the press itself but also the interaction of all process steps.<\/p>\n<p><\/p>\n<p data-start=\"1550\" data-end=\"1727\">We design, engineer, and manufacture press systems, automation solutions, and control technology entirely in-house \u2013 with around 70 dedicated employees at our site in Germany.<\/p>\n<p><\/p>\n<p data-start=\"1729\" data-end=\"1993\">Our customers benefit from short decision-making paths, direct communication, and close collaboration at eye level. All relevant specialist areas are centrally bundled within our company, enabling us to respond quickly and effectively even to demanding projects.<\/p>\n\t\t\t\t\t\t\t\t<\/div>\n\t\t\t\t<\/div>\n\t\t\t\t\t<\/div>\n\t\t\t\t<\/div>\n\t\t<div class=\"elementor-element elementor-element-f927b99 e-con-full e-flex e-con e-parent\" data-id=\"f927b99\" data-element_type=\"container\" data-e-type=\"container\" data-settings=\"{&quot;background_background&quot;:&quot;classic&quot;}\">\n\t\t\t\t<\/div>\n\t\t<div class=\"elementor-element elementor-element-fbe4c3a e-flex e-con-boxed e-con e-parent\" data-id=\"fbe4c3a\" data-element_type=\"container\" data-e-type=\"container\">\n\t\t\t\t\t<div class=\"e-con-inner\">\n\t\t<div class=\"elementor-element elementor-element-a0675c9 e-con-full e-flex e-con e-child\" data-id=\"a0675c9\" data-element_type=\"container\" data-e-type=\"container\">\n\t\t\t\t<div class=\"elementor-element elementor-element-ab76121 elementor-widget elementor-widget-heading\" data-id=\"ab76121\" data-element_type=\"widget\" data-e-type=\"widget\" data-widget_type=\"heading.default\">\n\t\t\t\t\t<h2 class=\"elementor-heading-title elementor-size-default\">Our Values<\/h2>\t\t\t\t<\/div>\n\t\t\t\t<div class=\"elementor-element elementor-element-f0abe8a elementor-widget-divider--view-line elementor-widget elementor-widget-divider\" data-id=\"f0abe8a\" data-element_type=\"widget\" data-e-type=\"widget\" data-widget_type=\"divider.default\">\n\t\t\t\t\t\t\t<div class=\"elementor-divider\">\n\t\t\t<span class=\"elementor-divider-separator\">\n\t\t\t\t\t\t<\/span>\n\t\t<\/div>\n\t\t\t\t\t\t<\/div>\n\t\t\t\t<div class=\"elementor-element elementor-element-6071bb1 elementor-widget elementor-widget-text-editor\" data-id=\"6071bb1\" data-element_type=\"widget\" data-e-type=\"widget\" data-widget_type=\"text-editor.default\">\n\t\t\t\t\t\t\t\t\t<p data-start=\"985\" data-end=\"1226\">At abk Pressenbau, we combine many years of experience with a passion for innovative press technology. As a team, we develop solutions that create real added value in everyday work \u2013 reliable, practical, and future-oriented.<\/p>\n<p><\/p>\n<p data-start=\"1228\" data-end=\"1448\">Our ambition is to redefine quality. To achieve this, we rely on continuous development and strong teamwork. Our employees contribute not only technical expertise but also genuine commitment to our customers\u2019 projects.<\/p>\n<p><\/p>\n<p data-start=\"1450\" data-end=\"1626\">We take responsibility not only for our products but also for the environment. Sustainability and the conscious use of resources are firmly embedded in our corporate culture.<\/p>\n<p><\/p>\n<p data-start=\"1628\" data-end=\"1788\">Despite our international focus, abk Pressenbau remains a company with clear values and a family-like character \u2013 approachable, down-to-earth, and dependable.<\/p>\n\t\t\t\t\t\t\t\t<\/div>\n\t\t\t\t<\/div>\n\t\t\t\t\t<\/div>\n\t\t\t\t<\/div>\n\t\t<div class=\"elementor-element elementor-element-31313c0 e-flex e-con-boxed e-con e-parent\" data-id=\"31313c0\" data-element_type=\"container\" data-e-type=\"container\" data-settings=\"{&quot;background_background&quot;:&quot;classic&quot;}\">\n\t\t\t\t\t<div class=\"e-con-inner\">\n\t\t\t\t<div class=\"elementor-element elementor-element-3b84404 elementor-widget elementor-widget-video\" data-id=\"3b84404\" data-element_type=\"widget\" data-e-type=\"widget\" data-settings=\"{&quot;youtube_url&quot;:&quot;https:\\\/\\\/www.youtube.com\\\/watch?v=r4yG5NNAbBU&amp;t=4s&quot;,&quot;video_type&quot;:&quot;youtube&quot;,&quot;controls&quot;:&quot;yes&quot;}\" data-widget_type=\"video.default\">\n\t\t\t\t\t\t\t<div class=\"elementor-wrapper elementor-open-inline\">\n\t\t\t<div class=\"elementor-video\"><\/div>\t\t<\/div>\n\t\t\t\t\t\t<\/div>\n\t\t\t\t\t<\/div>\n\t\t\t\t<\/div>\n\t\t<div class=\"elementor-element elementor-element-2210fa5 e-flex e-con-boxed e-con e-parent\" data-id=\"2210fa5\" data-element_type=\"container\" data-e-type=\"container\">\n\t\t\t\t\t<div class=\"e-con-inner\">\n\t\t<div class=\"elementor-element elementor-element-efa34d4 e-con-full e-flex e-con e-child\" data-id=\"efa34d4\" data-element_type=\"container\" data-e-type=\"container\">\n\t\t\t\t<div class=\"elementor-element elementor-element-8b52948 elementor-widget elementor-widget-heading\" data-id=\"8b52948\" data-element_type=\"widget\" data-e-type=\"widget\" data-widget_type=\"heading.default\">\n\t\t\t\t\t<h2 class=\"elementor-heading-title elementor-size-default\">Fast Decisions, Full Control, Clear Accountability<\/h2>\t\t\t\t<\/div>\n\t\t\t\t<div class=\"elementor-element elementor-element-d411996 elementor-widget-divider--view-line elementor-widget elementor-widget-divider\" data-id=\"d411996\" data-element_type=\"widget\" data-e-type=\"widget\" data-widget_type=\"divider.default\">\n\t\t\t\t\t\t\t<div class=\"elementor-divider\">\n\t\t\t<span class=\"elementor-divider-separator\">\n\t\t\t\t\t\t<\/span>\n\t\t<\/div>\n\t\t\t\t\t\t<\/div>\n\t\t\t\t<div class=\"elementor-element elementor-element-26f8f8f elementor-widget elementor-widget-text-editor\" data-id=\"26f8f8f\" data-element_type=\"widget\" data-e-type=\"widget\" data-widget_type=\"text-editor.default\">\n\t\t\t\t\t\t\t\t\t<p data-start=\"1002\" data-end=\"1501\">Our strength lies in our high level of vertical integration. Whether hydraulics, switch cabinet construction, electrical engineering (E-planning), or software development \u2013 all key processes are handled in-house at abk. This allows us to maintain full control at all times over quality, on-time delivery, and technical execution. The combination of know-how, flexibility, and a strong sense of responsibility forms the foundation of our success \u2013 and of our customers\u2019 satisfaction.<\/p>\n<p><\/p>\n<p data-start=\"1503\" data-end=\"1774\">In addition to our proven standard presses, we offer a wide range of customized solutions \u2013 individually developed and precisely tailored to your requirements. In doing so, we focus on personal support, consistent quality assurance, and partnership-based collaboration.<\/p>\n<p><\/p>\n<p data-start=\"1776\" data-end=\"1899\">abk Pressenbau \u2013 your reliable partner for high-performance press systems, future-proof technology, and personal support.<\/p>\n\t\t\t\t\t\t\t\t<\/div>\n\t\t\t\t<\/div>\n\t\t\t\t\t<\/div>\n\t\t\t\t<\/div>\n\t\t\t\t<\/div>\n\t\t","protected":false},"excerpt":{"rendered":"<p>Company Expertise &amp; Experience abk Pressenbau stands for durable technology, customized solutions, and a deep understanding of the entire deburring process.Our strength lies in understanding complex requirements and turning them into precise solutions \u2013 technically well thought-out and perfectly tailored to each specific application. Thanks to our comprehensive consulting expertise, we consider not only the [&hellip;]<\/p>\n","protected":false},"author":1,"featured_media":0,"parent":0,"menu_order":0,"comment_status":"closed","ping_status":"closed","template":"elementor_header_footer","meta":{"footnotes":""},"class_list":["post-4921","page","type-page","status-publish","hentry"],"yoast_head":"<!-- This site is optimized with the Yoast SEO plugin v26.9 - https:\/\/yoast.com\/product\/yoast-seo-wordpress\/ -->\n<title>Company - ABK Pressenbau<\/title>\n<meta name=\"robots\" content=\"index, follow, max-snippet:-1, max-image-preview:large, max-video-preview:-1\" \/>\n<link rel=\"canonical\" href=\"https:\/\/abk-pressenbau.de\/en\/company\/\" \/>\n<meta property=\"og:locale\" content=\"en_US\" \/>\n<meta property=\"og:type\" content=\"article\" \/>\n<meta property=\"og:title\" content=\"Company - ABK Pressenbau\" \/>\n<meta property=\"og:description\" content=\"Company Expertise &amp; Experience abk Pressenbau stands for durable technology, customized solutions, and a deep understanding of the entire deburring process.Our strength lies in understanding complex requirements and turning them into precise solutions \u2013 technically well thought-out and perfectly tailored to each specific application. Thanks to our comprehensive consulting expertise, we consider not only the [&hellip;]\" \/>\n<meta property=\"og:url\" content=\"https:\/\/abk-pressenbau.de\/en\/company\/\" \/>\n<meta property=\"og:site_name\" content=\"ABK Pressenbau\" \/>\n<meta property=\"article:modified_time\" content=\"2026-02-04T13:49:23+00:00\" \/>\n<meta property=\"og:image\" content=\"https:\/\/abk-pressenbau.de\/wp-content\/uploads\/11473792.png\" \/>\n\t<meta property=\"og:image:width\" content=\"2000\" \/>\n\t<meta property=\"og:image:height\" content=\"2000\" \/>\n\t<meta property=\"og:image:type\" content=\"image\/png\" \/>\n<meta name=\"twitter:card\" content=\"summary_large_image\" \/>\n<meta name=\"twitter:label1\" content=\"Est. reading time\" \/>\n\t<meta name=\"twitter:data1\" content=\"2 minutes\" \/>\n<script type=\"application\/ld+json\" class=\"yoast-schema-graph\">{\"@context\":\"https:\/\/schema.org\",\"@graph\":[{\"@type\":\"WebPage\",\"@id\":\"https:\/\/abk-pressenbau.de\/en\/company\/\",\"url\":\"https:\/\/abk-pressenbau.de\/en\/company\/\",\"name\":\"Company - ABK Pressenbau\",\"isPartOf\":{\"@id\":\"https:\/\/abk-pressenbau.de\/en\/#website\"},\"primaryImageOfPage\":{\"@id\":\"https:\/\/abk-pressenbau.de\/en\/company\/#primaryimage\"},\"image\":{\"@id\":\"https:\/\/abk-pressenbau.de\/en\/company\/#primaryimage\"},\"thumbnailUrl\":\"https:\/\/abk-pressenbau.de\/wp-content\/uploads\/11473792-1024x1024.png\",\"datePublished\":\"2025-07-22T13:06:50+00:00\",\"dateModified\":\"2026-02-04T13:49:23+00:00\",\"breadcrumb\":{\"@id\":\"https:\/\/abk-pressenbau.de\/en\/company\/#breadcrumb\"},\"inLanguage\":\"en-US\",\"potentialAction\":[{\"@type\":\"ReadAction\",\"target\":[\"https:\/\/abk-pressenbau.de\/en\/company\/\"]}]},{\"@type\":\"ImageObject\",\"inLanguage\":\"en-US\",\"@id\":\"https:\/\/abk-pressenbau.de\/en\/company\/#primaryimage\",\"url\":\"https:\/\/abk-pressenbau.de\/wp-content\/uploads\/11473792-1024x1024.png\",\"contentUrl\":\"https:\/\/abk-pressenbau.de\/wp-content\/uploads\/11473792-1024x1024.png\"},{\"@type\":\"BreadcrumbList\",\"@id\":\"https:\/\/abk-pressenbau.de\/en\/company\/#breadcrumb\",\"itemListElement\":[{\"@type\":\"ListItem\",\"position\":1,\"name\":\"Home\",\"item\":\"https:\/\/abk-pressenbau.de\/en\/\"},{\"@type\":\"ListItem\",\"position\":2,\"name\":\"Company\"}]},{\"@type\":\"WebSite\",\"@id\":\"https:\/\/abk-pressenbau.de\/en\/#website\",\"url\":\"https:\/\/abk-pressenbau.de\/en\/\",\"name\":\"ABK Pressenbau\",\"description\":\"Innovative Pressentechnologie f\u00fcr effiziente und zuverl\u00e4ssige Fertigungsl\u00f6sungen.\",\"publisher\":{\"@id\":\"https:\/\/abk-pressenbau.de\/en\/#organization\"},\"potentialAction\":[{\"@type\":\"SearchAction\",\"target\":{\"@type\":\"EntryPoint\",\"urlTemplate\":\"https:\/\/abk-pressenbau.de\/en\/?s={search_term_string}\"},\"query-input\":{\"@type\":\"PropertyValueSpecification\",\"valueRequired\":true,\"valueName\":\"search_term_string\"}}],\"inLanguage\":\"en-US\"},{\"@type\":\"Organization\",\"@id\":\"https:\/\/abk-pressenbau.de\/en\/#organization\",\"name\":\"ABK Pressenbau\",\"url\":\"https:\/\/abk-pressenbau.de\/en\/\",\"logo\":{\"@type\":\"ImageObject\",\"inLanguage\":\"en-US\",\"@id\":\"https:\/\/abk-pressenbau.de\/en\/#\/schema\/logo\/image\/\",\"url\":\"https:\/\/abk-pressenbau.de\/wp-content\/uploads\/ABK-Favicon-Logo2-EN.jpg\",\"contentUrl\":\"https:\/\/abk-pressenbau.de\/wp-content\/uploads\/ABK-Favicon-Logo2-EN.jpg\",\"width\":512,\"height\":512,\"caption\":\"ABK Pressenbau\"},\"image\":{\"@id\":\"https:\/\/abk-pressenbau.de\/en\/#\/schema\/logo\/image\/\"}}]}<\/script>\n<!-- \/ Yoast SEO plugin. -->","yoast_head_json":{"title":"Company - ABK Pressenbau","robots":{"index":"index","follow":"follow","max-snippet":"max-snippet:-1","max-image-preview":"max-image-preview:large","max-video-preview":"max-video-preview:-1"},"canonical":"https:\/\/abk-pressenbau.de\/en\/company\/","og_locale":"en_US","og_type":"article","og_title":"Company - ABK Pressenbau","og_description":"Company Expertise &amp; Experience abk Pressenbau stands for durable technology, customized solutions, and a deep understanding of the entire deburring process.Our strength lies in understanding complex requirements and turning them into precise solutions \u2013 technically well thought-out and perfectly tailored to each specific application. Thanks to our comprehensive consulting expertise, we consider not only the [&hellip;]","og_url":"https:\/\/abk-pressenbau.de\/en\/company\/","og_site_name":"ABK Pressenbau","article_modified_time":"2026-02-04T13:49:23+00:00","og_image":[{"width":2000,"height":2000,"url":"https:\/\/abk-pressenbau.de\/wp-content\/uploads\/11473792.png","type":"image\/png"}],"twitter_card":"summary_large_image","twitter_misc":{"Est. reading time":"2 minutes"},"schema":{"@context":"https:\/\/schema.org","@graph":[{"@type":"WebPage","@id":"https:\/\/abk-pressenbau.de\/en\/company\/","url":"https:\/\/abk-pressenbau.de\/en\/company\/","name":"Company - ABK Pressenbau","isPartOf":{"@id":"https:\/\/abk-pressenbau.de\/en\/#website"},"primaryImageOfPage":{"@id":"https:\/\/abk-pressenbau.de\/en\/company\/#primaryimage"},"image":{"@id":"https:\/\/abk-pressenbau.de\/en\/company\/#primaryimage"},"thumbnailUrl":"https:\/\/abk-pressenbau.de\/wp-content\/uploads\/11473792-1024x1024.png","datePublished":"2025-07-22T13:06:50+00:00","dateModified":"2026-02-04T13:49:23+00:00","breadcrumb":{"@id":"https:\/\/abk-pressenbau.de\/en\/company\/#breadcrumb"},"inLanguage":"en-US","potentialAction":[{"@type":"ReadAction","target":["https:\/\/abk-pressenbau.de\/en\/company\/"]}]},{"@type":"ImageObject","inLanguage":"en-US","@id":"https:\/\/abk-pressenbau.de\/en\/company\/#primaryimage","url":"https:\/\/abk-pressenbau.de\/wp-content\/uploads\/11473792-1024x1024.png","contentUrl":"https:\/\/abk-pressenbau.de\/wp-content\/uploads\/11473792-1024x1024.png"},{"@type":"BreadcrumbList","@id":"https:\/\/abk-pressenbau.de\/en\/company\/#breadcrumb","itemListElement":[{"@type":"ListItem","position":1,"name":"Home","item":"https:\/\/abk-pressenbau.de\/en\/"},{"@type":"ListItem","position":2,"name":"Company"}]},{"@type":"WebSite","@id":"https:\/\/abk-pressenbau.de\/en\/#website","url":"https:\/\/abk-pressenbau.de\/en\/","name":"ABK Pressenbau","description":"Innovative Pressentechnologie f\u00fcr effiziente und zuverl\u00e4ssige Fertigungsl\u00f6sungen.","publisher":{"@id":"https:\/\/abk-pressenbau.de\/en\/#organization"},"potentialAction":[{"@type":"SearchAction","target":{"@type":"EntryPoint","urlTemplate":"https:\/\/abk-pressenbau.de\/en\/?s={search_term_string}"},"query-input":{"@type":"PropertyValueSpecification","valueRequired":true,"valueName":"search_term_string"}}],"inLanguage":"en-US"},{"@type":"Organization","@id":"https:\/\/abk-pressenbau.de\/en\/#organization","name":"ABK Pressenbau","url":"https:\/\/abk-pressenbau.de\/en\/","logo":{"@type":"ImageObject","inLanguage":"en-US","@id":"https:\/\/abk-pressenbau.de\/en\/#\/schema\/logo\/image\/","url":"https:\/\/abk-pressenbau.de\/wp-content\/uploads\/ABK-Favicon-Logo2-EN.jpg","contentUrl":"https:\/\/abk-pressenbau.de\/wp-content\/uploads\/ABK-Favicon-Logo2-EN.jpg","width":512,"height":512,"caption":"ABK Pressenbau"},"image":{"@id":"https:\/\/abk-pressenbau.de\/en\/#\/schema\/logo\/image\/"}}]}},"_links":{"self":[{"href":"https:\/\/abk-pressenbau.de\/en\/wp-json\/wp\/v2\/pages\/4921","targetHints":{"allow":["GET"]}}],"collection":[{"href":"https:\/\/abk-pressenbau.de\/en\/wp-json\/wp\/v2\/pages"}],"about":[{"href":"https:\/\/abk-pressenbau.de\/en\/wp-json\/wp\/v2\/types\/page"}],"author":[{"embeddable":true,"href":"https:\/\/abk-pressenbau.de\/en\/wp-json\/wp\/v2\/users\/1"}],"replies":[{"embeddable":true,"href":"https:\/\/abk-pressenbau.de\/en\/wp-json\/wp\/v2\/comments?post=4921"}],"version-history":[{"count":10,"href":"https:\/\/abk-pressenbau.de\/en\/wp-json\/wp\/v2\/pages\/4921\/revisions"}],"predecessor-version":[{"id":8444,"href":"https:\/\/abk-pressenbau.de\/en\/wp-json\/wp\/v2\/pages\/4921\/revisions\/8444"}],"wp:attachment":[{"href":"https:\/\/abk-pressenbau.de\/en\/wp-json\/wp\/v2\/media?parent=4921"}],"curies":[{"name":"wp","href":"https:\/\/api.w.org\/{rel}","templated":true}]}}