{"id":5209,"date":"2025-07-31T08:10:10","date_gmt":"2025-07-31T06:10:10","guid":{"rendered":"https:\/\/new2025.abk-pressenbau.de\/contact\/"},"modified":"2025-10-09T11:03:19","modified_gmt":"2025-10-09T09:03:19","slug":"contact","status":"publish","type":"page","link":"https:\/\/abk-pressenbau.de\/en\/contact\/","title":{"rendered":"Contact"},"content":{"rendered":"\t\t<div data-elementor-type=\"wp-page\" data-elementor-id=\"5209\" class=\"elementor elementor-5209 elementor-3023\" data-elementor-post-type=\"page\">\n\t\t\t\t<div class=\"elementor-element elementor-element-66f751e5 e-flex e-con-boxed e-con e-parent\" data-id=\"66f751e5\" data-element_type=\"container\" data-e-type=\"container\" data-settings=\"{&quot;background_background&quot;:&quot;classic&quot;}\">\n\t\t\t\t\t<div class=\"e-con-inner\">\n\t\t\t\t<div class=\"elementor-element elementor-element-2e399e22 elementor-widget elementor-widget-heading\" data-id=\"2e399e22\" data-element_type=\"widget\" data-e-type=\"widget\" data-widget_type=\"heading.default\">\n\t\t\t\t\t<h2 class=\"elementor-heading-title elementor-size-default\">Contact<\/h2>\t\t\t\t<\/div>\n\t\t\t\t<div class=\"elementor-element elementor-element-769e3b3a elementor-widget-divider--view-line elementor-widget elementor-widget-divider\" data-id=\"769e3b3a\" data-element_type=\"widget\" data-e-type=\"widget\" data-widget_type=\"divider.default\">\n\t\t\t\t\t\t\t<div class=\"elementor-divider\">\n\t\t\t<span class=\"elementor-divider-separator\">\n\t\t\t\t\t\t<\/span>\n\t\t<\/div>\n\t\t\t\t\t\t<\/div>\n\t\t\t\t\t<\/div>\n\t\t\t\t<\/div>\n\t\t<div class=\"elementor-element elementor-element-ec9c324 e-flex e-con-boxed e-con e-parent\" data-id=\"ec9c324\" data-element_type=\"container\" data-e-type=\"container\">\n\t\t\t\t\t<div class=\"e-con-inner\">\n\t\t<div class=\"elementor-element elementor-element-efc762a e-con-full e-flex e-con e-child\" data-id=\"efc762a\" data-element_type=\"container\" data-e-type=\"container\">\n\t\t\t\t<div class=\"elementor-element elementor-element-6e2f831 elementor-widget elementor-widget-heading\" data-id=\"6e2f831\" data-element_type=\"widget\" data-e-type=\"widget\" data-widget_type=\"heading.default\">\n\t\t\t\t\t<h2 class=\"elementor-heading-title elementor-size-default\">Your Path to the Right Contact Person<\/h2>\t\t\t\t<\/div>\n\t\t\t\t<div class=\"elementor-element elementor-element-6bb8c8d elementor-widget-divider--view-line elementor-widget elementor-widget-divider\" data-id=\"6bb8c8d\" data-element_type=\"widget\" data-e-type=\"widget\" data-widget_type=\"divider.default\">\n\t\t\t\t\t\t\t<div class=\"elementor-divider\">\n\t\t\t<span class=\"elementor-divider-separator\">\n\t\t\t\t\t\t<\/span>\n\t\t<\/div>\n\t\t\t\t\t\t<\/div>\n\t\t\t\t<div class=\"elementor-element elementor-element-f80aea9 elementor-widget elementor-widget-text-editor\" data-id=\"f80aea9\" data-element_type=\"widget\" data-e-type=\"widget\" data-widget_type=\"text-editor.default\">\n\t\t\t\t\t\t\t\t\t<p><strong>You have an inquiry and aren\u2019t sure who to contact?<\/strong><br data-start=\"423\" data-end=\"426\" \/><strong>No problem \u2013 our Contact Center will be happy to help.<\/strong><br data-start=\"480\" data-end=\"483\" \/>Whether in German or English, we answer your calls personally and forward your request directly to the responsible contact person.<\/p>\n\t\t\t\t\t\t\t\t<\/div>\n\t\t\t\t<\/div>\n\t\t\t\t\t<\/div>\n\t\t\t\t<\/div>\n\t\t<div class=\"elementor-element elementor-element-79f9bc1 e-flex e-con-boxed e-con e-parent\" data-id=\"79f9bc1\" data-element_type=\"container\" data-e-type=\"container\">\n\t\t\t\t\t<div class=\"e-con-inner\">\n\t\t<div class=\"elementor-element elementor-element-a9ddcb1 e-con-full e-flex e-con e-child\" data-id=\"a9ddcb1\" data-element_type=\"container\" data-e-type=\"container\">\n\t\t\t\t<div class=\"elementor-element elementor-element-23571df elementor-widget elementor-widget-text-editor\" data-id=\"23571df\" data-element_type=\"widget\" data-e-type=\"widget\" data-widget_type=\"text-editor.default\">\n\t\t\t\t\t\t\t\t\t<strong>Aulbach Automation GmbH<\/strong><strong>\r\nabk Pressenbau<\/strong><br>Am Amorbach 3<br>D- 63853 M\u00f6mlingen\t\t\t\t\t\t\t\t<\/div>\n\t\t\t\t<div class=\"elementor-element elementor-element-15c9bd3 elementor-icon-list--layout-traditional elementor-list-item-link-full_width elementor-widget elementor-widget-icon-list\" data-id=\"15c9bd3\" data-element_type=\"widget\" data-e-type=\"widget\" data-widget_type=\"icon-list.default\">\n\t\t\t\t\t\t\t<ul class=\"elementor-icon-list-items\">\n\t\t\t\t\t\t\t<li class=\"elementor-icon-list-item\">\n\t\t\t\t\t\t\t\t\t\t\t<span class=\"elementor-icon-list-icon\">\n\t\t\t\t\t\t\t<svg aria-hidden=\"true\" class=\"e-font-icon-svg e-fas-phone\" viewBox=\"0 0 512 512\" xmlns=\"http:\/\/www.w3.org\/2000\/svg\"><path d=\"M493.4 24.6l-104-24c-11.3-2.6-22.9 3.3-27.5 13.9l-48 112c-4.2 9.8-1.4 21.3 6.9 28l60.6 49.6c-36 76.7-98.9 140.5-177.2 177.2l-49.6-60.6c-6.8-8.3-18.2-11.1-28-6.9l-112 48C3.9 366.5-2 378.1.6 389.4l24 104C27.1 504.2 36.7 512 48 512c256.1 0 464-207.5 464-464 0-11.2-7.7-20.9-18.6-23.4z\"><\/path><\/svg>\t\t\t\t\t\t<\/span>\n\t\t\t\t\t\t\t\t\t\t<span class=\"elementor-icon-list-text\">+49 60 22 \/ 264 76-0<\/span>\n\t\t\t\t\t\t\t\t\t<\/li>\n\t\t\t\t\t\t<\/ul>\n\t\t\t\t\t\t<\/div>\n\t\t\t\t<div class=\"elementor-element elementor-element-f60f97b elementor-icon-list--layout-traditional elementor-list-item-link-full_width elementor-widget elementor-widget-icon-list\" data-id=\"f60f97b\" data-element_type=\"widget\" data-e-type=\"widget\" data-widget_type=\"icon-list.default\">\n\t\t\t\t\t\t\t<ul class=\"elementor-icon-list-items\">\n\t\t\t\t\t\t\t<li class=\"elementor-icon-list-item\">\n\t\t\t\t\t\t\t\t\t\t\t<span class=\"elementor-icon-list-icon\">\n\t\t\t\t\t\t\t<svg aria-hidden=\"true\" class=\"e-font-icon-svg e-far-envelope\" viewBox=\"0 0 512 512\" xmlns=\"http:\/\/www.w3.org\/2000\/svg\"><path d=\"M464 64H48C21.49 64 0 85.49 0 112v288c0 26.51 21.49 48 48 48h416c26.51 0 48-21.49 48-48V112c0-26.51-21.49-48-48-48zm0 48v40.805c-22.422 18.259-58.168 46.651-134.587 106.49-16.841 13.247-50.201 45.072-73.413 44.701-23.208.375-56.579-31.459-73.413-44.701C106.18 199.465 70.425 171.067 48 152.805V112h416zM48 400V214.398c22.914 18.251 55.409 43.862 104.938 82.646 21.857 17.205 60.134 55.186 103.062 54.955 42.717.231 80.509-37.199 103.053-54.947 49.528-38.783 82.032-64.401 104.947-82.653V400H48z\"><\/path><\/svg>\t\t\t\t\t\t<\/span>\n\t\t\t\t\t\t\t\t\t\t<span class=\"elementor-icon-list-text\">info@abk-pressenbau.de<\/span>\n\t\t\t\t\t\t\t\t\t<\/li>\n\t\t\t\t\t\t<\/ul>\n\t\t\t\t\t\t<\/div>\n\t\t\t\t<\/div>\n\t\t<div class=\"elementor-element elementor-element-1fe7deb e-con-full e-flex e-con e-child\" data-id=\"1fe7deb\" data-element_type=\"container\" data-e-type=\"container\">\n\t\t\t\t<div class=\"elementor-element elementor-element-31a264d elementor-button-align-stretch elementor-widget elementor-widget-form\" data-id=\"31a264d\" data-element_type=\"widget\" data-e-type=\"widget\" data-settings=\"{&quot;button_width&quot;:&quot;30&quot;,&quot;step_next_label&quot;:&quot;Next&quot;,&quot;step_previous_label&quot;:&quot;Previous&quot;,&quot;step_type&quot;:&quot;number_text&quot;,&quot;step_icon_shape&quot;:&quot;circle&quot;}\" data-widget_type=\"form.default\">\n\t\t\t\t\t\t\t<form class=\"elementor-form\" method=\"post\" name=\"New Form\" aria-label=\"New Form\">\n\t\t\t<input type=\"hidden\" name=\"post_id\" value=\"5209\"\/>\n\t\t\t<input type=\"hidden\" name=\"form_id\" value=\"31a264d\"\/>\n\t\t\t<input type=\"hidden\" name=\"referer_title\" value=\"Contact - ABK Pressenbau\" \/>\n\n\t\t\t\t\t\t\t<input type=\"hidden\" name=\"queried_id\" value=\"5209\"\/>\n\t\t\t\n\t\t\t<div class=\"elementor-form-fields-wrapper elementor-labels-above\">\n\t\t\t\t\t\t\t\t<div class=\"elementor-field-type-text elementor-field-group elementor-column elementor-field-group-name elementor-col-50 elementor-field-required\">\n\t\t\t\t\t\t\t\t\t\t\t\t<label for=\"form-field-name\" class=\"elementor-field-label\">\n\t\t\t\t\t\t\t\tFirst Name\t\t\t\t\t\t\t<\/label>\n\t\t\t\t\t\t\t\t\t\t\t\t\t\t<input size=\"1\" type=\"text\" name=\"form_fields[name]\" id=\"form-field-name\" class=\"elementor-field elementor-size-sm  elementor-field-textual\" required=\"required\">\n\t\t\t\t\t\t\t\t\t\t\t<\/div>\n\t\t\t\t\t\t\t\t<div class=\"elementor-field-type-text elementor-field-group elementor-column elementor-field-group-field_9862ce7 elementor-col-50 elementor-field-required\">\n\t\t\t\t\t\t\t\t\t\t\t\t<label for=\"form-field-field_9862ce7\" class=\"elementor-field-label\">\n\t\t\t\t\t\t\t\tLast Name\t\t\t\t\t\t\t<\/label>\n\t\t\t\t\t\t\t\t\t\t\t\t\t\t<input size=\"1\" type=\"text\" name=\"form_fields[field_9862ce7]\" id=\"form-field-field_9862ce7\" class=\"elementor-field elementor-size-sm  elementor-field-textual\" required=\"required\">\n\t\t\t\t\t\t\t\t\t\t\t<\/div>\n\t\t\t\t\t\t\t\t<div class=\"elementor-field-type-text elementor-field-group elementor-column elementor-field-group-field_e735eee elementor-col-100\">\n\t\t\t\t\t\t\t\t\t\t\t\t<label for=\"form-field-field_e735eee\" class=\"elementor-field-label\">\n\t\t\t\t\t\t\t\tCompany\t\t\t\t\t\t\t<\/label>\n\t\t\t\t\t\t\t\t\t\t\t\t\t\t<input size=\"1\" type=\"text\" name=\"form_fields[field_e735eee]\" id=\"form-field-field_e735eee\" class=\"elementor-field elementor-size-sm  elementor-field-textual\">\n\t\t\t\t\t\t\t\t\t\t\t<\/div>\n\t\t\t\t\t\t\t\t<div class=\"elementor-field-type-text\">\n\t\t\t\t\t<input size=\"1\" type=\"text\" name=\"form_fields[field_d0609ce]\" id=\"form-field-field_d0609ce\" class=\"elementor-field elementor-size-sm \" style=\"display:none !important;\">\t\t\t\t<\/div>\n\t\t\t\t\t\t\t\t<div class=\"elementor-field-type-text\">\n\t\t\t\t\t<input size=\"1\" type=\"text\" name=\"form_fields[field_8b02921]\" id=\"form-field-field_8b02921\" class=\"elementor-field elementor-size-sm \" style=\"display:none !important;\">\t\t\t\t<\/div>\n\t\t\t\t\t\t\t\t<div class=\"elementor-field-type-tel elementor-field-group elementor-column elementor-field-group-field_4813d95 elementor-col-50\">\n\t\t\t\t\t\t\t\t\t\t\t\t<label for=\"form-field-field_4813d95\" class=\"elementor-field-label\">\n\t\t\t\t\t\t\t\tPhone\t\t\t\t\t\t\t<\/label>\n\t\t\t\t\t\t\t\t<input size=\"1\" type=\"tel\" name=\"form_fields[field_4813d95]\" id=\"form-field-field_4813d95\" class=\"elementor-field elementor-size-sm  elementor-field-textual\" pattern=\"[0-9()#&amp;+*-=.]+\" title=\"Only numbers and phone characters (#, -, *, etc) are accepted.\">\n\n\t\t\t\t\t\t<\/div>\n\t\t\t\t\t\t\t\t<div class=\"elementor-field-type-email elementor-field-group elementor-column elementor-field-group-email elementor-col-50 elementor-field-required\">\n\t\t\t\t\t\t\t\t\t\t\t\t<label for=\"form-field-email\" class=\"elementor-field-label\">\n\t\t\t\t\t\t\t\tE-Mail\t\t\t\t\t\t\t<\/label>\n\t\t\t\t\t\t\t\t\t\t\t\t\t\t<input size=\"1\" type=\"email\" name=\"form_fields[email]\" id=\"form-field-email\" class=\"elementor-field elementor-size-sm  elementor-field-textual\" required=\"required\">\n\t\t\t\t\t\t\t\t\t\t\t<\/div>\n\t\t\t\t\t\t\t\t<div class=\"elementor-field-type-textarea elementor-field-group elementor-column elementor-field-group-message elementor-col-100\">\n\t\t\t\t\t\t\t\t\t\t\t\t<label for=\"form-field-message\" class=\"elementor-field-label\">\n\t\t\t\t\t\t\t\tMessage\t\t\t\t\t\t\t<\/label>\n\t\t\t\t\t\t<textarea class=\"elementor-field-textual elementor-field  elementor-size-sm\" name=\"form_fields[message]\" id=\"form-field-message\" rows=\"4\"><\/textarea>\t\t\t\t<\/div>\n\t\t\t\t\t\t\t\t<div class=\"elementor-field-type-acceptance elementor-field-group elementor-column elementor-field-group-field_2d0d918 elementor-col-100 elementor-field-required\">\n\t\t\t\t\t\t\t<div class=\"elementor-field-subgroup\">\n\t\t\t<span class=\"elementor-field-option\">\n\t\t\t\t<input type=\"checkbox\" name=\"form_fields[field_2d0d918]\" id=\"form-field-field_2d0d918\" class=\"elementor-field elementor-size-sm  elementor-acceptance-field\" required=\"required\">\n\t\t\t\t<label for=\"form-field-field_2d0d918\"><p style=\"font-size:13px;line-height:1.2\">I hereby consent to my data being processed by the recipient for the purpose of handling my inquiry and any potential subsequent contract conclusion. I am aware that I can revoke this consent at any time with effect for the future by email. Please note that the withdrawal of consent does not affect the legality of the processing carried out on the basis of the consent before its withdrawal. Further information can be found in our <a href=\"\/datenschutzerklaerung\/\">Privacy Policy<\/a><\/p><\/label>\t\t\t<\/span>\n\t\t<\/div>\n\t\t\t\t\t\t<\/div>\n\t\t\t\t\t\t\t\t<div class=\"elementor-field-group elementor-column elementor-field-type-submit elementor-col-30 e-form__buttons\">\n\t\t\t\t\t<button class=\"elementor-button elementor-size-sm\" type=\"submit\">\n\t\t\t\t\t\t<span class=\"elementor-button-content-wrapper\">\n\t\t\t\t\t\t\t\t\t\t\t\t\t\t\t\t\t\t\t\t\t\t<span class=\"elementor-button-text\">Send<\/span>\n\t\t\t\t\t\t\t\t\t\t\t\t\t<\/span>\n\t\t\t\t\t<\/button>\n\t\t\t\t<\/div>\n\t\t\t<\/div>\n\t\t<\/form>\n\t\t\t\t\t\t<\/div>\n\t\t\t\t<\/div>\n\t\t\t\t\t<\/div>\n\t\t\t\t<\/div>\n\t\t<div class=\"elementor-element elementor-element-b504550 e-con-full e-flex e-con e-parent\" data-id=\"b504550\" data-element_type=\"container\" data-e-type=\"container\">\n\t\t\t\t<div class=\"elementor-element elementor-element-5c52ffa elementor-widget elementor-widget-google_maps\" data-id=\"5c52ffa\" data-element_type=\"widget\" data-e-type=\"widget\" data-widget_type=\"google_maps.default\">\n\t\t\t\t\t\t\t<div class=\"elementor-custom-embed\">\n\t\t\t<iframe loading=\"lazy\"\n\t\t\t\t\tsrc=\"https:\/\/maps.google.com\/maps?q=Abk%20Pressenbau&#038;t=m&#038;z=14&#038;output=embed&#038;iwloc=near\"\n\t\t\t\t\ttitle=\"Abk Pressenbau\"\n\t\t\t\t\taria-label=\"Abk Pressenbau\"\n\t\t\t><\/iframe>\n\t\t<\/div>\n\t\t\t\t\t\t<\/div>\n\t\t\t\t<\/div>\n\t\t\t\t<\/div>\n\t\t","protected":false},"excerpt":{"rendered":"<p>Contact Your Path to the Right Contact Person You have an inquiry and aren\u2019t sure who to contact?No problem \u2013 our Contact Center will be happy to help.Whether in German or English, we answer your calls personally and forward your request directly to the responsible contact person. Aulbach Automation GmbH abk PressenbauAm Amorbach 3D- 63853 [&hellip;]<\/p>\n","protected":false},"author":1,"featured_media":0,"parent":0,"menu_order":0,"comment_status":"closed","ping_status":"closed","template":"elementor_header_footer","meta":{"footnotes":""},"class_list":["post-5209","page","type-page","status-publish","hentry"],"yoast_head":"<!-- This site is optimized with the Yoast SEO plugin v26.9 - https:\/\/yoast.com\/product\/yoast-seo-wordpress\/ -->\n<title>Contact - ABK Pressenbau<\/title>\n<meta name=\"robots\" content=\"index, follow, max-snippet:-1, max-image-preview:large, max-video-preview:-1\" \/>\n<link rel=\"canonical\" href=\"https:\/\/abk-pressenbau.de\/en\/contact\/\" \/>\n<meta property=\"og:locale\" content=\"en_US\" \/>\n<meta property=\"og:type\" content=\"article\" \/>\n<meta property=\"og:title\" content=\"Contact - ABK Pressenbau\" \/>\n<meta property=\"og:description\" content=\"Contact Your Path to the Right Contact Person You have an inquiry and aren\u2019t sure who to contact?No problem \u2013 our Contact Center will be happy to help.Whether in German or English, we answer your calls personally and forward your request directly to the responsible contact person. Aulbach Automation GmbH abk PressenbauAm Amorbach 3D- 63853 [&hellip;]\" \/>\n<meta property=\"og:url\" content=\"https:\/\/abk-pressenbau.de\/en\/contact\/\" \/>\n<meta property=\"og:site_name\" content=\"ABK Pressenbau\" \/>\n<meta property=\"article:modified_time\" content=\"2025-10-09T09:03:19+00:00\" \/>\n<meta name=\"twitter:card\" content=\"summary_large_image\" \/>\n<meta name=\"twitter:label1\" content=\"Est. reading time\" \/>\n\t<meta name=\"twitter:data1\" content=\"1 minute\" \/>\n<script type=\"application\/ld+json\" class=\"yoast-schema-graph\">{\"@context\":\"https:\/\/schema.org\",\"@graph\":[{\"@type\":\"WebPage\",\"@id\":\"https:\/\/abk-pressenbau.de\/en\/contact\/\",\"url\":\"https:\/\/abk-pressenbau.de\/en\/contact\/\",\"name\":\"Contact - ABK Pressenbau\",\"isPartOf\":{\"@id\":\"https:\/\/abk-pressenbau.de\/en\/#website\"},\"datePublished\":\"2025-07-31T06:10:10+00:00\",\"dateModified\":\"2025-10-09T09:03:19+00:00\",\"breadcrumb\":{\"@id\":\"https:\/\/abk-pressenbau.de\/en\/contact\/#breadcrumb\"},\"inLanguage\":\"en-US\",\"potentialAction\":[{\"@type\":\"ReadAction\",\"target\":[\"https:\/\/abk-pressenbau.de\/en\/contact\/\"]}]},{\"@type\":\"BreadcrumbList\",\"@id\":\"https:\/\/abk-pressenbau.de\/en\/contact\/#breadcrumb\",\"itemListElement\":[{\"@type\":\"ListItem\",\"position\":1,\"name\":\"Home\",\"item\":\"https:\/\/abk-pressenbau.de\/en\/\"},{\"@type\":\"ListItem\",\"position\":2,\"name\":\"Contact\"}]},{\"@type\":\"WebSite\",\"@id\":\"https:\/\/abk-pressenbau.de\/en\/#website\",\"url\":\"https:\/\/abk-pressenbau.de\/en\/\",\"name\":\"ABK Pressenbau\",\"description\":\"Innovative Pressentechnologie f\u00fcr effiziente und zuverl\u00e4ssige Fertigungsl\u00f6sungen.\",\"publisher\":{\"@id\":\"https:\/\/abk-pressenbau.de\/en\/#organization\"},\"potentialAction\":[{\"@type\":\"SearchAction\",\"target\":{\"@type\":\"EntryPoint\",\"urlTemplate\":\"https:\/\/abk-pressenbau.de\/en\/?s={search_term_string}\"},\"query-input\":{\"@type\":\"PropertyValueSpecification\",\"valueRequired\":true,\"valueName\":\"search_term_string\"}}],\"inLanguage\":\"en-US\"},{\"@type\":\"Organization\",\"@id\":\"https:\/\/abk-pressenbau.de\/en\/#organization\",\"name\":\"ABK Pressenbau\",\"url\":\"https:\/\/abk-pressenbau.de\/en\/\",\"logo\":{\"@type\":\"ImageObject\",\"inLanguage\":\"en-US\",\"@id\":\"https:\/\/abk-pressenbau.de\/en\/#\/schema\/logo\/image\/\",\"url\":\"https:\/\/abk-pressenbau.de\/wp-content\/uploads\/ABK-Favicon-Logo2-EN.jpg\",\"contentUrl\":\"https:\/\/abk-pressenbau.de\/wp-content\/uploads\/ABK-Favicon-Logo2-EN.jpg\",\"width\":512,\"height\":512,\"caption\":\"ABK Pressenbau\"},\"image\":{\"@id\":\"https:\/\/abk-pressenbau.de\/en\/#\/schema\/logo\/image\/\"}}]}<\/script>\n<!-- \/ Yoast SEO plugin. -->","yoast_head_json":{"title":"Contact - ABK Pressenbau","robots":{"index":"index","follow":"follow","max-snippet":"max-snippet:-1","max-image-preview":"max-image-preview:large","max-video-preview":"max-video-preview:-1"},"canonical":"https:\/\/abk-pressenbau.de\/en\/contact\/","og_locale":"en_US","og_type":"article","og_title":"Contact - ABK Pressenbau","og_description":"Contact Your Path to the Right Contact Person You have an inquiry and aren\u2019t sure who to contact?No problem \u2013 our Contact Center will be happy to help.Whether in German or English, we answer your calls personally and forward your request directly to the responsible contact person. Aulbach Automation GmbH abk PressenbauAm Amorbach 3D- 63853 [&hellip;]","og_url":"https:\/\/abk-pressenbau.de\/en\/contact\/","og_site_name":"ABK Pressenbau","article_modified_time":"2025-10-09T09:03:19+00:00","twitter_card":"summary_large_image","twitter_misc":{"Est. reading time":"1 minute"},"schema":{"@context":"https:\/\/schema.org","@graph":[{"@type":"WebPage","@id":"https:\/\/abk-pressenbau.de\/en\/contact\/","url":"https:\/\/abk-pressenbau.de\/en\/contact\/","name":"Contact - ABK Pressenbau","isPartOf":{"@id":"https:\/\/abk-pressenbau.de\/en\/#website"},"datePublished":"2025-07-31T06:10:10+00:00","dateModified":"2025-10-09T09:03:19+00:00","breadcrumb":{"@id":"https:\/\/abk-pressenbau.de\/en\/contact\/#breadcrumb"},"inLanguage":"en-US","potentialAction":[{"@type":"ReadAction","target":["https:\/\/abk-pressenbau.de\/en\/contact\/"]}]},{"@type":"BreadcrumbList","@id":"https:\/\/abk-pressenbau.de\/en\/contact\/#breadcrumb","itemListElement":[{"@type":"ListItem","position":1,"name":"Home","item":"https:\/\/abk-pressenbau.de\/en\/"},{"@type":"ListItem","position":2,"name":"Contact"}]},{"@type":"WebSite","@id":"https:\/\/abk-pressenbau.de\/en\/#website","url":"https:\/\/abk-pressenbau.de\/en\/","name":"ABK Pressenbau","description":"Innovative Pressentechnologie f\u00fcr effiziente und zuverl\u00e4ssige Fertigungsl\u00f6sungen.","publisher":{"@id":"https:\/\/abk-pressenbau.de\/en\/#organization"},"potentialAction":[{"@type":"SearchAction","target":{"@type":"EntryPoint","urlTemplate":"https:\/\/abk-pressenbau.de\/en\/?s={search_term_string}"},"query-input":{"@type":"PropertyValueSpecification","valueRequired":true,"valueName":"search_term_string"}}],"inLanguage":"en-US"},{"@type":"Organization","@id":"https:\/\/abk-pressenbau.de\/en\/#organization","name":"ABK Pressenbau","url":"https:\/\/abk-pressenbau.de\/en\/","logo":{"@type":"ImageObject","inLanguage":"en-US","@id":"https:\/\/abk-pressenbau.de\/en\/#\/schema\/logo\/image\/","url":"https:\/\/abk-pressenbau.de\/wp-content\/uploads\/ABK-Favicon-Logo2-EN.jpg","contentUrl":"https:\/\/abk-pressenbau.de\/wp-content\/uploads\/ABK-Favicon-Logo2-EN.jpg","width":512,"height":512,"caption":"ABK Pressenbau"},"image":{"@id":"https:\/\/abk-pressenbau.de\/en\/#\/schema\/logo\/image\/"}}]}},"_links":{"self":[{"href":"https:\/\/abk-pressenbau.de\/en\/wp-json\/wp\/v2\/pages\/5209","targetHints":{"allow":["GET"]}}],"collection":[{"href":"https:\/\/abk-pressenbau.de\/en\/wp-json\/wp\/v2\/pages"}],"about":[{"href":"https:\/\/abk-pressenbau.de\/en\/wp-json\/wp\/v2\/types\/page"}],"author":[{"embeddable":true,"href":"https:\/\/abk-pressenbau.de\/en\/wp-json\/wp\/v2\/users\/1"}],"replies":[{"embeddable":true,"href":"https:\/\/abk-pressenbau.de\/en\/wp-json\/wp\/v2\/comments?post=5209"}],"version-history":[{"count":10,"href":"https:\/\/abk-pressenbau.de\/en\/wp-json\/wp\/v2\/pages\/5209\/revisions"}],"predecessor-version":[{"id":7359,"href":"https:\/\/abk-pressenbau.de\/en\/wp-json\/wp\/v2\/pages\/5209\/revisions\/7359"}],"wp:attachment":[{"href":"https:\/\/abk-pressenbau.de\/en\/wp-json\/wp\/v2\/media?parent=5209"}],"curies":[{"name":"wp","href":"https:\/\/api.w.org\/{rel}","templated":true}]}}