{"id":7100,"date":"2025-08-14T09:46:24","date_gmt":"2025-08-14T07:46:24","guid":{"rendered":"https:\/\/new2025.abk-pressenbau.de\/commitment\/"},"modified":"2025-10-08T10:36:28","modified_gmt":"2025-10-08T08:36:28","slug":"commitment","status":"publish","type":"page","link":"https:\/\/abk-pressenbau.de\/en\/commitment\/","title":{"rendered":"Commitment"},"content":{"rendered":"\t\t<div data-elementor-type=\"wp-page\" data-elementor-id=\"7100\" class=\"elementor elementor-7100 elementor-3936\" data-elementor-post-type=\"page\">\n\t\t\t\t<div class=\"elementor-element elementor-element-66f751e5 e-flex e-con-boxed e-con e-parent\" data-id=\"66f751e5\" data-element_type=\"container\" data-e-type=\"container\" data-settings=\"{&quot;background_background&quot;:&quot;classic&quot;}\">\n\t\t\t\t\t<div class=\"e-con-inner\">\n\t\t\t\t<div class=\"elementor-element elementor-element-2e399e22 elementor-widget elementor-widget-heading\" data-id=\"2e399e22\" data-element_type=\"widget\" data-e-type=\"widget\" data-widget_type=\"heading.default\">\n\t\t\t\t\t<h2 class=\"elementor-heading-title elementor-size-default\">Commitment<\/h2>\t\t\t\t<\/div>\n\t\t\t\t<div class=\"elementor-element elementor-element-769e3b3a elementor-widget-divider--view-line elementor-widget elementor-widget-divider\" data-id=\"769e3b3a\" data-element_type=\"widget\" data-e-type=\"widget\" data-widget_type=\"divider.default\">\n\t\t\t\t\t\t\t<div class=\"elementor-divider\">\n\t\t\t<span class=\"elementor-divider-separator\">\n\t\t\t\t\t\t<\/span>\n\t\t<\/div>\n\t\t\t\t\t\t<\/div>\n\t\t\t\t\t<\/div>\n\t\t\t\t<\/div>\n\t\t<div class=\"elementor-element elementor-element-ec9c324 e-flex e-con-boxed e-con e-parent\" data-id=\"ec9c324\" data-element_type=\"container\" data-e-type=\"container\">\n\t\t\t\t\t<div class=\"e-con-inner\">\n\t\t<div class=\"elementor-element elementor-element-efc762a e-con-full e-flex e-con e-child\" data-id=\"efc762a\" data-element_type=\"container\" data-e-type=\"container\">\n\t\t\t\t<div class=\"elementor-element elementor-element-6e2f831 elementor-widget elementor-widget-heading\" data-id=\"6e2f831\" data-element_type=\"widget\" data-e-type=\"widget\" data-widget_type=\"heading.default\">\n\t\t\t\t\t<h2 class=\"elementor-heading-title elementor-size-default\">Commitment out of conviction<\/h2>\t\t\t\t<\/div>\n\t\t\t\t<div class=\"elementor-element elementor-element-6bb8c8d elementor-widget-divider--view-line elementor-widget elementor-widget-divider\" data-id=\"6bb8c8d\" data-element_type=\"widget\" data-e-type=\"widget\" data-widget_type=\"divider.default\">\n\t\t\t\t\t\t\t<div class=\"elementor-divider\">\n\t\t\t<span class=\"elementor-divider-separator\">\n\t\t\t\t\t\t<\/span>\n\t\t<\/div>\n\t\t\t\t\t\t<\/div>\n\t\t\t\t<div class=\"elementor-element elementor-element-f80aea9 elementor-widget elementor-widget-text-editor\" data-id=\"f80aea9\" data-element_type=\"widget\" data-e-type=\"widget\" data-widget_type=\"text-editor.default\">\n\t\t\t\t\t\t\t\t\t<p>At abk Pressenbau, we take responsibility \u2013 for people, the environment, and society. Social commitment is not just a promise for us, but part of our everyday actions. We support regional initiatives, promote education, and engage in community projects. At the same time, we focus on the sustainable use of resources and create a work environment that fosters fairness, teamwork, and personal growth.<br data-start=\"1194\" data-end=\"1197\" \/>Because we believe: those who are rooted in their region also share a special responsibility for its future.<\/p>\n\t\t\t\t\t\t\t\t<\/div>\n\t\t\t\t<\/div>\n\t\t\t\t\t<\/div>\n\t\t\t\t<\/div>\n\t\t<div class=\"elementor-element elementor-element-e6812de e-flex e-con-boxed e-con e-parent\" data-id=\"e6812de\" data-element_type=\"container\" data-e-type=\"container\">\n\t\t\t\t\t<div class=\"e-con-inner\">\n\t\t<div class=\"elementor-element elementor-element-6ce340c e-con-full e-flex e-con e-child\" data-id=\"6ce340c\" data-element_type=\"container\" data-e-type=\"container\">\n\t\t\t\t<div class=\"elementor-element elementor-element-e369a32 elementor-widget elementor-widget-heading\" data-id=\"e369a32\" data-element_type=\"widget\" data-e-type=\"widget\" data-widget_type=\"heading.default\">\n\t\t\t\t\t<h2 class=\"elementor-heading-title elementor-size-default\">Building a responsible supply chain<\/h2>\t\t\t\t<\/div>\n\t\t\t\t<div class=\"elementor-element elementor-element-e321152 elementor-widget elementor-widget-text-editor\" data-id=\"e321152\" data-element_type=\"widget\" data-e-type=\"widget\" data-widget_type=\"text-editor.default\">\n\t\t\t\t\t\t\t\t\t<p data-start=\"865\" data-end=\"1052\">Our suppliers and service providers are an essential part of our success. Together with them, we ensure that we can keep our promises to customers, partners, and society.<\/p>\n<p><\/p>\n<p data-start=\"1054\" data-end=\"1270\">That\u2019s why we choose our partners carefully \u2013 based on performance, reliability, and shared values. We place great importance on transparency, fairness, and sustainable practices throughout the entire supply chain.<\/p>\n<p><\/p>\n<p data-start=\"1272\" data-end=\"1468\">We focus on long-term partnerships, promote regional sourcing, and maintain open communication with our suppliers \u2013 because strong relationships are just as important to us as technical quality.<\/p>\n\t\t\t\t\t\t\t\t<\/div>\n\t\t\t\t<\/div>\n\t\t<div class=\"elementor-element elementor-element-68030dc e-con-full e-flex e-con e-child\" data-id=\"68030dc\" data-element_type=\"container\" data-e-type=\"container\">\n\t\t\t\t<div class=\"elementor-element elementor-element-4f5a532 elementor-widget elementor-widget-image\" data-id=\"4f5a532\" data-element_type=\"widget\" data-e-type=\"widget\" data-widget_type=\"image.default\">\n\t\t\t\t\t\t\t\t\t\t\t\t\t\t\t<img fetchpriority=\"high\" decoding=\"async\" width=\"800\" height=\"800\" src=\"https:\/\/abk-pressenbau.de\/wp-content\/uploads\/entgagement1-1024x1024.jpg\" class=\"attachment-large size-large wp-image-4845\" alt=\"\" srcset=\"https:\/\/abk-pressenbau.de\/wp-content\/uploads\/entgagement1-1024x1024.jpg 1024w, https:\/\/abk-pressenbau.de\/wp-content\/uploads\/entgagement1-300x300.jpg 300w, https:\/\/abk-pressenbau.de\/wp-content\/uploads\/entgagement1-150x150.jpg 150w, https:\/\/abk-pressenbau.de\/wp-content\/uploads\/entgagement1-768x768.jpg 768w, https:\/\/abk-pressenbau.de\/wp-content\/uploads\/entgagement1.jpg 1500w\" sizes=\"(max-width: 800px) 100vw, 800px\" \/>\t\t\t\t\t\t\t\t\t\t\t\t\t\t\t<\/div>\n\t\t\t\t<\/div>\n\t\t\t\t\t<\/div>\n\t\t\t\t<\/div>\n\t\t<div class=\"elementor-element elementor-element-a5d7652 e-flex e-con-boxed e-con e-parent\" data-id=\"a5d7652\" data-element_type=\"container\" data-e-type=\"container\">\n\t\t\t\t\t<div class=\"e-con-inner\">\n\t\t\t\t<div class=\"elementor-element elementor-element-fc241c2 elementor-widget elementor-widget-heading\" data-id=\"fc241c2\" data-element_type=\"widget\" data-e-type=\"widget\" data-widget_type=\"heading.default\">\n\t\t\t\t\t<h2 class=\"elementor-heading-title elementor-size-default\">Social commitment \u2013 involved, not just present<\/h2>\t\t\t\t<\/div>\n\t\t\t\t<div class=\"elementor-element elementor-element-c959edb elementor-widget elementor-widget-text-editor\" data-id=\"c959edb\" data-element_type=\"widget\" data-e-type=\"widget\" data-widget_type=\"text-editor.default\">\n\t\t\t\t\t\t\t\t\t<p>We actively support local kindergartens, schools, and community organizations. Through donations and hands-on involvement, we help enable meaningful projects that directly benefit children and families.<\/p>\n\t\t\t\t\t\t\t\t<\/div>\n\t\t\t\t\t<\/div>\n\t\t\t\t<\/div>\n\t\t<div class=\"elementor-element elementor-element-2c13498 e-con-full e-flex e-con e-parent\" data-id=\"2c13498\" data-element_type=\"container\" data-e-type=\"container\">\n\t\t\t\t<div class=\"elementor-element elementor-element-c1b1b1e elementor-arrows-position-inside elementor-pagination-position-outside elementor-widget elementor-widget-image-carousel\" data-id=\"c1b1b1e\" data-element_type=\"widget\" data-e-type=\"widget\" data-settings=\"{&quot;slides_to_show&quot;:&quot;3&quot;,&quot;image_spacing_custom&quot;:{&quot;unit&quot;:&quot;px&quot;,&quot;size&quot;:5,&quot;sizes&quot;:[]},&quot;navigation&quot;:&quot;both&quot;,&quot;autoplay&quot;:&quot;yes&quot;,&quot;pause_on_hover&quot;:&quot;yes&quot;,&quot;pause_on_interaction&quot;:&quot;yes&quot;,&quot;autoplay_speed&quot;:5000,&quot;infinite&quot;:&quot;yes&quot;,&quot;speed&quot;:500,&quot;image_spacing_custom_tablet&quot;:{&quot;unit&quot;:&quot;px&quot;,&quot;size&quot;:&quot;&quot;,&quot;sizes&quot;:[]},&quot;image_spacing_custom_mobile&quot;:{&quot;unit&quot;:&quot;px&quot;,&quot;size&quot;:&quot;&quot;,&quot;sizes&quot;:[]}}\" data-widget_type=\"image-carousel.default\">\n\t\t\t\t\t\t\t<div class=\"elementor-image-carousel-wrapper swiper\" role=\"region\" aria-roledescription=\"carousel\" aria-label=\"Bild Karussell\" dir=\"ltr\">\n\t\t\t<div class=\"elementor-image-carousel swiper-wrapper\" aria-live=\"off\">\n\t\t\t\t\t\t\t\t<div class=\"swiper-slide\" role=\"group\" aria-roledescription=\"slide\" aria-label=\"1 of 4\"><figure class=\"swiper-slide-inner\"><img decoding=\"async\" class=\"swiper-slide-image\" src=\"https:\/\/abk-pressenbau.de\/wp-content\/uploads\/entgagement2.1.jpg\" alt=\"Screenshot\" \/><\/figure><\/div><div class=\"swiper-slide\" role=\"group\" aria-roledescription=\"slide\" aria-label=\"2 of 4\"><figure class=\"swiper-slide-inner\"><img decoding=\"async\" class=\"swiper-slide-image\" src=\"https:\/\/abk-pressenbau.de\/wp-content\/uploads\/entgagement2.2.jpg\" alt=\"Screenshot\" \/><\/figure><\/div><div class=\"swiper-slide\" role=\"group\" aria-roledescription=\"slide\" aria-label=\"3 of 4\"><figure class=\"swiper-slide-inner\"><img decoding=\"async\" class=\"swiper-slide-image\" src=\"https:\/\/abk-pressenbau.de\/wp-content\/uploads\/entgagement2.3.jpg\" alt=\"Screenshot\" \/><\/figure><\/div><div class=\"swiper-slide\" role=\"group\" aria-roledescription=\"slide\" aria-label=\"4 of 4\"><figure class=\"swiper-slide-inner\"><img decoding=\"async\" class=\"swiper-slide-image\" src=\"https:\/\/abk-pressenbau.de\/wp-content\/uploads\/entgagement2.4.jpg\" alt=\"Screenshot\" \/><\/figure><\/div>\t\t\t<\/div>\n\t\t\t\t\t\t\t\t\t\t\t\t<div class=\"elementor-swiper-button elementor-swiper-button-prev\" role=\"button\" tabindex=\"0\">\n\t\t\t\t\t\t<svg aria-hidden=\"true\" class=\"e-font-icon-svg e-eicon-chevron-left\" viewBox=\"0 0 1000 1000\" xmlns=\"http:\/\/www.w3.org\/2000\/svg\"><path d=\"M646 125C629 125 613 133 604 142L308 442C296 454 292 471 292 487 292 504 296 521 308 533L604 854C617 867 629 875 646 875 663 875 679 871 692 858 704 846 713 829 713 812 713 796 708 779 692 767L438 487 692 225C700 217 708 204 708 187 708 171 704 154 692 142 675 129 663 125 646 125Z\"><\/path><\/svg>\t\t\t\t\t<\/div>\n\t\t\t\t\t<div class=\"elementor-swiper-button elementor-swiper-button-next\" role=\"button\" tabindex=\"0\">\n\t\t\t\t\t\t<svg aria-hidden=\"true\" class=\"e-font-icon-svg e-eicon-chevron-right\" viewBox=\"0 0 1000 1000\" xmlns=\"http:\/\/www.w3.org\/2000\/svg\"><path d=\"M696 533C708 521 713 504 713 487 713 471 708 454 696 446L400 146C388 133 375 125 354 125 338 125 325 129 313 142 300 154 292 171 292 187 292 204 296 221 308 233L563 492 304 771C292 783 288 800 288 817 288 833 296 850 308 863 321 871 338 875 354 875 371 875 388 867 400 854L696 533Z\"><\/path><\/svg>\t\t\t\t\t<\/div>\n\t\t\t\t\n\t\t\t\t\t\t\t\t\t<div class=\"swiper-pagination\"><\/div>\n\t\t\t\t\t\t\t\t\t<\/div>\n\t\t\t\t\t\t<\/div>\n\t\t\t\t<\/div>\n\t\t<div class=\"elementor-element elementor-element-3f0741a5 e-flex e-con-boxed e-con e-parent\" data-id=\"3f0741a5\" data-element_type=\"container\" data-e-type=\"container\">\n\t\t\t\t\t<div class=\"e-con-inner\">\n\t\t\t\t<div class=\"elementor-element elementor-element-18b1aab2 elementor-widget elementor-widget-heading\" data-id=\"18b1aab2\" data-element_type=\"widget\" data-e-type=\"widget\" data-widget_type=\"heading.default\">\n\t\t\t\t\t<h2 class=\"elementor-heading-title elementor-size-default\">Follow us on:<\/h2>\t\t\t\t<\/div>\n\t\t\t\t<div class=\"elementor-element elementor-element-6838111c elementor-shape-rounded elementor-grid-0 e-grid-align-center elementor-widget elementor-widget-social-icons\" data-id=\"6838111c\" data-element_type=\"widget\" data-e-type=\"widget\" data-widget_type=\"social-icons.default\">\n\t\t\t\t\t\t\t<div class=\"elementor-social-icons-wrapper elementor-grid\" role=\"list\">\n\t\t\t\t\t\t\t<span class=\"elementor-grid-item\" role=\"listitem\">\n\t\t\t\t\t<a class=\"elementor-icon elementor-social-icon elementor-social-icon-linkedin elementor-repeater-item-bd3417c\" href=\"https:\/\/www.linkedin.com\/company\/abk-pressenbau\/\" target=\"_blank\">\n\t\t\t\t\t\t<span class=\"elementor-screen-only\">Linkedin<\/span>\n\t\t\t\t\t\t<svg aria-hidden=\"true\" class=\"e-font-icon-svg e-fab-linkedin\" viewBox=\"0 0 448 512\" xmlns=\"http:\/\/www.w3.org\/2000\/svg\"><path d=\"M416 32H31.9C14.3 32 0 46.5 0 64.3v383.4C0 465.5 14.3 480 31.9 480H416c17.6 0 32-14.5 32-32.3V64.3c0-17.8-14.4-32.3-32-32.3zM135.4 416H69V202.2h66.5V416zm-33.2-243c-21.3 0-38.5-17.3-38.5-38.5S80.9 96 102.2 96c21.2 0 38.5 17.3 38.5 38.5 0 21.3-17.2 38.5-38.5 38.5zm282.1 243h-66.4V312c0-24.8-.5-56.7-34.5-56.7-34.6 0-39.9 27-39.9 54.9V416h-66.4V202.2h63.7v29.2h.9c8.9-16.8 30.6-34.5 62.9-34.5 67.2 0 79.7 44.3 79.7 101.9V416z\"><\/path><\/svg>\t\t\t\t\t<\/a>\n\t\t\t\t<\/span>\n\t\t\t\t\t\t\t<span class=\"elementor-grid-item\" role=\"listitem\">\n\t\t\t\t\t<a class=\"elementor-icon elementor-social-icon elementor-social-icon-facebook elementor-repeater-item-7faffca\" href=\"https:\/\/www.facebook.com\/abkpressenbaugmbh\" target=\"_blank\">\n\t\t\t\t\t\t<span class=\"elementor-screen-only\">Facebook<\/span>\n\t\t\t\t\t\t<svg aria-hidden=\"true\" class=\"e-font-icon-svg e-fab-facebook\" viewBox=\"0 0 512 512\" xmlns=\"http:\/\/www.w3.org\/2000\/svg\"><path d=\"M504 256C504 119 393 8 256 8S8 119 8 256c0 123.78 90.69 226.38 209.25 245V327.69h-63V256h63v-54.64c0-62.15 37-96.48 93.67-96.48 27.14 0 55.52 4.84 55.52 4.84v61h-31.28c-30.8 0-40.41 19.12-40.41 38.73V256h68.78l-11 71.69h-57.78V501C413.31 482.38 504 379.78 504 256z\"><\/path><\/svg>\t\t\t\t\t<\/a>\n\t\t\t\t<\/span>\n\t\t\t\t\t\t\t<span class=\"elementor-grid-item\" role=\"listitem\">\n\t\t\t\t\t<a class=\"elementor-icon elementor-social-icon elementor-social-icon-instagram elementor-repeater-item-7b57e50\" href=\"https:\/\/www.instagram.com\/abkpressenbau\/\" target=\"_blank\">\n\t\t\t\t\t\t<span class=\"elementor-screen-only\">Instagram<\/span>\n\t\t\t\t\t\t<svg aria-hidden=\"true\" class=\"e-font-icon-svg e-fab-instagram\" viewBox=\"0 0 448 512\" xmlns=\"http:\/\/www.w3.org\/2000\/svg\"><path d=\"M224.1 141c-63.6 0-114.9 51.3-114.9 114.9s51.3 114.9 114.9 114.9S339 319.5 339 255.9 287.7 141 224.1 141zm0 189.6c-41.1 0-74.7-33.5-74.7-74.7s33.5-74.7 74.7-74.7 74.7 33.5 74.7 74.7-33.6 74.7-74.7 74.7zm146.4-194.3c0 14.9-12 26.8-26.8 26.8-14.9 0-26.8-12-26.8-26.8s12-26.8 26.8-26.8 26.8 12 26.8 26.8zm76.1 27.2c-1.7-35.9-9.9-67.7-36.2-93.9-26.2-26.2-58-34.4-93.9-36.2-37-2.1-147.9-2.1-184.9 0-35.8 1.7-67.6 9.9-93.9 36.1s-34.4 58-36.2 93.9c-2.1 37-2.1 147.9 0 184.9 1.7 35.9 9.9 67.7 36.2 93.9s58 34.4 93.9 36.2c37 2.1 147.9 2.1 184.9 0 35.9-1.7 67.7-9.9 93.9-36.2 26.2-26.2 34.4-58 36.2-93.9 2.1-37 2.1-147.8 0-184.8zM398.8 388c-7.8 19.6-22.9 34.7-42.6 42.6-29.5 11.7-99.5 9-132.1 9s-102.7 2.6-132.1-9c-19.6-7.8-34.7-22.9-42.6-42.6-11.7-29.5-9-99.5-9-132.1s-2.6-102.7 9-132.1c7.8-19.6 22.9-34.7 42.6-42.6 29.5-11.7 99.5-9 132.1-9s102.7-2.6 132.1 9c19.6 7.8 34.7 22.9 42.6 42.6 11.7 29.5 9 99.5 9 132.1s2.7 102.7-9 132.1z\"><\/path><\/svg>\t\t\t\t\t<\/a>\n\t\t\t\t<\/span>\n\t\t\t\t\t\t\t<span class=\"elementor-grid-item\" role=\"listitem\">\n\t\t\t\t\t<a class=\"elementor-icon elementor-social-icon elementor-social-icon-youtube elementor-repeater-item-2c23b78\" href=\"https:\/\/www.youtube.com\/@abkpressenbau9699\" target=\"_blank\">\n\t\t\t\t\t\t<span class=\"elementor-screen-only\">Youtube<\/span>\n\t\t\t\t\t\t<svg aria-hidden=\"true\" class=\"e-font-icon-svg e-fab-youtube\" viewBox=\"0 0 576 512\" xmlns=\"http:\/\/www.w3.org\/2000\/svg\"><path d=\"M549.655 124.083c-6.281-23.65-24.787-42.276-48.284-48.597C458.781 64 288 64 288 64S117.22 64 74.629 75.486c-23.497 6.322-42.003 24.947-48.284 48.597-11.412 42.867-11.412 132.305-11.412 132.305s0 89.438 11.412 132.305c6.281 23.65 24.787 41.5 48.284 47.821C117.22 448 288 448 288 448s170.78 0 213.371-11.486c23.497-6.321 42.003-24.171 48.284-47.821 11.412-42.867 11.412-132.305 11.412-132.305s0-89.438-11.412-132.305zm-317.51 213.508V175.185l142.739 81.205-142.739 81.201z\"><\/path><\/svg>\t\t\t\t\t<\/a>\n\t\t\t\t<\/span>\n\t\t\t\t\t<\/div>\n\t\t\t\t\t\t<\/div>\n\t\t\t\t\t<\/div>\n\t\t\t\t<\/div>\n\t\t\t\t<\/div>\n\t\t","protected":false},"excerpt":{"rendered":"<p>Commitment Commitment out of conviction At abk Pressenbau, we take responsibility \u2013 for people, the environment, and society. Social commitment is not just a promise for us, but part of our everyday actions. We support regional initiatives, promote education, and engage in community projects. At the same time, we focus on the sustainable use of [&hellip;]<\/p>\n","protected":false},"author":1,"featured_media":0,"parent":0,"menu_order":0,"comment_status":"closed","ping_status":"closed","template":"elementor_header_footer","meta":{"footnotes":""},"class_list":["post-7100","page","type-page","status-publish","hentry"],"yoast_head":"<!-- This site is optimized with the Yoast SEO plugin v26.9 - https:\/\/yoast.com\/product\/yoast-seo-wordpress\/ -->\n<title>Commitment - ABK Pressenbau<\/title>\n<meta name=\"robots\" content=\"index, follow, max-snippet:-1, max-image-preview:large, max-video-preview:-1\" \/>\n<link rel=\"canonical\" href=\"https:\/\/abk-pressenbau.de\/en\/commitment\/\" \/>\n<meta property=\"og:locale\" content=\"en_US\" \/>\n<meta property=\"og:type\" content=\"article\" \/>\n<meta property=\"og:title\" content=\"Commitment - ABK Pressenbau\" \/>\n<meta property=\"og:description\" content=\"Commitment Commitment out of conviction At abk Pressenbau, we take responsibility \u2013 for people, the environment, and society. Social commitment is not just a promise for us, but part of our everyday actions. We support regional initiatives, promote education, and engage in community projects. At the same time, we focus on the sustainable use of [&hellip;]\" \/>\n<meta property=\"og:url\" content=\"https:\/\/abk-pressenbau.de\/en\/commitment\/\" \/>\n<meta property=\"og:site_name\" content=\"ABK Pressenbau\" \/>\n<meta property=\"article:modified_time\" content=\"2025-10-08T08:36:28+00:00\" \/>\n<meta property=\"og:image\" content=\"https:\/\/new2025.abk-pressenbau.de\/wp-content\/uploads\/entgagement1-1024x1024.jpg\" \/>\n<meta name=\"twitter:card\" content=\"summary_large_image\" \/>\n<meta name=\"twitter:label1\" content=\"Est. reading time\" \/>\n\t<meta name=\"twitter:data1\" content=\"1 minute\" \/>\n<script type=\"application\/ld+json\" class=\"yoast-schema-graph\">{\"@context\":\"https:\/\/schema.org\",\"@graph\":[{\"@type\":\"WebPage\",\"@id\":\"https:\/\/abk-pressenbau.de\/en\/commitment\/\",\"url\":\"https:\/\/abk-pressenbau.de\/en\/commitment\/\",\"name\":\"Commitment - ABK Pressenbau\",\"isPartOf\":{\"@id\":\"https:\/\/abk-pressenbau.de\/en\/#website\"},\"primaryImageOfPage\":{\"@id\":\"https:\/\/abk-pressenbau.de\/en\/commitment\/#primaryimage\"},\"image\":{\"@id\":\"https:\/\/abk-pressenbau.de\/en\/commitment\/#primaryimage\"},\"thumbnailUrl\":\"https:\/\/new2025.abk-pressenbau.de\/wp-content\/uploads\/entgagement1-1024x1024.jpg\",\"datePublished\":\"2025-08-14T07:46:24+00:00\",\"dateModified\":\"2025-10-08T08:36:28+00:00\",\"breadcrumb\":{\"@id\":\"https:\/\/abk-pressenbau.de\/en\/commitment\/#breadcrumb\"},\"inLanguage\":\"en-US\",\"potentialAction\":[{\"@type\":\"ReadAction\",\"target\":[\"https:\/\/abk-pressenbau.de\/en\/commitment\/\"]}]},{\"@type\":\"ImageObject\",\"inLanguage\":\"en-US\",\"@id\":\"https:\/\/abk-pressenbau.de\/en\/commitment\/#primaryimage\",\"url\":\"https:\/\/new2025.abk-pressenbau.de\/wp-content\/uploads\/entgagement1-1024x1024.jpg\",\"contentUrl\":\"https:\/\/new2025.abk-pressenbau.de\/wp-content\/uploads\/entgagement1-1024x1024.jpg\"},{\"@type\":\"BreadcrumbList\",\"@id\":\"https:\/\/abk-pressenbau.de\/en\/commitment\/#breadcrumb\",\"itemListElement\":[{\"@type\":\"ListItem\",\"position\":1,\"name\":\"Home\",\"item\":\"https:\/\/abk-pressenbau.de\/en\/\"},{\"@type\":\"ListItem\",\"position\":2,\"name\":\"Commitment\"}]},{\"@type\":\"WebSite\",\"@id\":\"https:\/\/abk-pressenbau.de\/en\/#website\",\"url\":\"https:\/\/abk-pressenbau.de\/en\/\",\"name\":\"ABK Pressenbau\",\"description\":\"Innovative Pressentechnologie f\u00fcr effiziente und zuverl\u00e4ssige Fertigungsl\u00f6sungen.\",\"publisher\":{\"@id\":\"https:\/\/abk-pressenbau.de\/en\/#organization\"},\"potentialAction\":[{\"@type\":\"SearchAction\",\"target\":{\"@type\":\"EntryPoint\",\"urlTemplate\":\"https:\/\/abk-pressenbau.de\/en\/?s={search_term_string}\"},\"query-input\":{\"@type\":\"PropertyValueSpecification\",\"valueRequired\":true,\"valueName\":\"search_term_string\"}}],\"inLanguage\":\"en-US\"},{\"@type\":\"Organization\",\"@id\":\"https:\/\/abk-pressenbau.de\/en\/#organization\",\"name\":\"ABK Pressenbau\",\"url\":\"https:\/\/abk-pressenbau.de\/en\/\",\"logo\":{\"@type\":\"ImageObject\",\"inLanguage\":\"en-US\",\"@id\":\"https:\/\/abk-pressenbau.de\/en\/#\/schema\/logo\/image\/\",\"url\":\"https:\/\/abk-pressenbau.de\/wp-content\/uploads\/ABK-Favicon-Logo2-EN.jpg\",\"contentUrl\":\"https:\/\/abk-pressenbau.de\/wp-content\/uploads\/ABK-Favicon-Logo2-EN.jpg\",\"width\":512,\"height\":512,\"caption\":\"ABK Pressenbau\"},\"image\":{\"@id\":\"https:\/\/abk-pressenbau.de\/en\/#\/schema\/logo\/image\/\"}}]}<\/script>\n<!-- \/ Yoast SEO plugin. -->","yoast_head_json":{"title":"Commitment - ABK Pressenbau","robots":{"index":"index","follow":"follow","max-snippet":"max-snippet:-1","max-image-preview":"max-image-preview:large","max-video-preview":"max-video-preview:-1"},"canonical":"https:\/\/abk-pressenbau.de\/en\/commitment\/","og_locale":"en_US","og_type":"article","og_title":"Commitment - ABK Pressenbau","og_description":"Commitment Commitment out of conviction At abk Pressenbau, we take responsibility \u2013 for people, the environment, and society. Social commitment is not just a promise for us, but part of our everyday actions. We support regional initiatives, promote education, and engage in community projects. At the same time, we focus on the sustainable use of [&hellip;]","og_url":"https:\/\/abk-pressenbau.de\/en\/commitment\/","og_site_name":"ABK Pressenbau","article_modified_time":"2025-10-08T08:36:28+00:00","og_image":[{"url":"https:\/\/new2025.abk-pressenbau.de\/wp-content\/uploads\/entgagement1-1024x1024.jpg","type":"","width":"","height":""}],"twitter_card":"summary_large_image","twitter_misc":{"Est. reading time":"1 minute"},"schema":{"@context":"https:\/\/schema.org","@graph":[{"@type":"WebPage","@id":"https:\/\/abk-pressenbau.de\/en\/commitment\/","url":"https:\/\/abk-pressenbau.de\/en\/commitment\/","name":"Commitment - ABK Pressenbau","isPartOf":{"@id":"https:\/\/abk-pressenbau.de\/en\/#website"},"primaryImageOfPage":{"@id":"https:\/\/abk-pressenbau.de\/en\/commitment\/#primaryimage"},"image":{"@id":"https:\/\/abk-pressenbau.de\/en\/commitment\/#primaryimage"},"thumbnailUrl":"https:\/\/new2025.abk-pressenbau.de\/wp-content\/uploads\/entgagement1-1024x1024.jpg","datePublished":"2025-08-14T07:46:24+00:00","dateModified":"2025-10-08T08:36:28+00:00","breadcrumb":{"@id":"https:\/\/abk-pressenbau.de\/en\/commitment\/#breadcrumb"},"inLanguage":"en-US","potentialAction":[{"@type":"ReadAction","target":["https:\/\/abk-pressenbau.de\/en\/commitment\/"]}]},{"@type":"ImageObject","inLanguage":"en-US","@id":"https:\/\/abk-pressenbau.de\/en\/commitment\/#primaryimage","url":"https:\/\/new2025.abk-pressenbau.de\/wp-content\/uploads\/entgagement1-1024x1024.jpg","contentUrl":"https:\/\/new2025.abk-pressenbau.de\/wp-content\/uploads\/entgagement1-1024x1024.jpg"},{"@type":"BreadcrumbList","@id":"https:\/\/abk-pressenbau.de\/en\/commitment\/#breadcrumb","itemListElement":[{"@type":"ListItem","position":1,"name":"Home","item":"https:\/\/abk-pressenbau.de\/en\/"},{"@type":"ListItem","position":2,"name":"Commitment"}]},{"@type":"WebSite","@id":"https:\/\/abk-pressenbau.de\/en\/#website","url":"https:\/\/abk-pressenbau.de\/en\/","name":"ABK Pressenbau","description":"Innovative Pressentechnologie f\u00fcr effiziente und zuverl\u00e4ssige Fertigungsl\u00f6sungen.","publisher":{"@id":"https:\/\/abk-pressenbau.de\/en\/#organization"},"potentialAction":[{"@type":"SearchAction","target":{"@type":"EntryPoint","urlTemplate":"https:\/\/abk-pressenbau.de\/en\/?s={search_term_string}"},"query-input":{"@type":"PropertyValueSpecification","valueRequired":true,"valueName":"search_term_string"}}],"inLanguage":"en-US"},{"@type":"Organization","@id":"https:\/\/abk-pressenbau.de\/en\/#organization","name":"ABK Pressenbau","url":"https:\/\/abk-pressenbau.de\/en\/","logo":{"@type":"ImageObject","inLanguage":"en-US","@id":"https:\/\/abk-pressenbau.de\/en\/#\/schema\/logo\/image\/","url":"https:\/\/abk-pressenbau.de\/wp-content\/uploads\/ABK-Favicon-Logo2-EN.jpg","contentUrl":"https:\/\/abk-pressenbau.de\/wp-content\/uploads\/ABK-Favicon-Logo2-EN.jpg","width":512,"height":512,"caption":"ABK Pressenbau"},"image":{"@id":"https:\/\/abk-pressenbau.de\/en\/#\/schema\/logo\/image\/"}}]}},"_links":{"self":[{"href":"https:\/\/abk-pressenbau.de\/en\/wp-json\/wp\/v2\/pages\/7100","targetHints":{"allow":["GET"]}}],"collection":[{"href":"https:\/\/abk-pressenbau.de\/en\/wp-json\/wp\/v2\/pages"}],"about":[{"href":"https:\/\/abk-pressenbau.de\/en\/wp-json\/wp\/v2\/types\/page"}],"author":[{"embeddable":true,"href":"https:\/\/abk-pressenbau.de\/en\/wp-json\/wp\/v2\/users\/1"}],"replies":[{"embeddable":true,"href":"https:\/\/abk-pressenbau.de\/en\/wp-json\/wp\/v2\/comments?post=7100"}],"version-history":[{"count":1,"href":"https:\/\/abk-pressenbau.de\/en\/wp-json\/wp\/v2\/pages\/7100\/revisions"}],"predecessor-version":[{"id":7101,"href":"https:\/\/abk-pressenbau.de\/en\/wp-json\/wp\/v2\/pages\/7100\/revisions\/7101"}],"wp:attachment":[{"href":"https:\/\/abk-pressenbau.de\/en\/wp-json\/wp\/v2\/media?parent=7100"}],"curies":[{"name":"wp","href":"https:\/\/api.w.org\/{rel}","templated":true}]}}