{"id":5390,"date":"2025-08-05T11:11:37","date_gmt":"2025-08-05T09:11:37","guid":{"rendered":"https:\/\/new2025.abk-pressenbau.de\/certificacion\/"},"modified":"2026-01-23T10:49:39","modified_gmt":"2026-01-23T09:49:39","slug":"certificacion","status":"publish","type":"page","link":"https:\/\/abk-pressenbau.de\/es\/certificacion\/","title":{"rendered":"Certificaci\u00f3n"},"content":{"rendered":"\t\t<div data-elementor-type=\"wp-page\" data-elementor-id=\"5390\" class=\"elementor elementor-5390 elementor-3475\" data-elementor-post-type=\"page\">\n\t\t\t\t<div class=\"elementor-element elementor-element-66f751e5 e-flex e-con-boxed e-con e-parent\" data-id=\"66f751e5\" data-element_type=\"container\" data-e-type=\"container\" data-settings=\"{&quot;background_background&quot;:&quot;classic&quot;}\">\n\t\t\t\t\t<div class=\"e-con-inner\">\n\t\t\t\t<div class=\"elementor-element elementor-element-2e399e22 elementor-widget elementor-widget-heading\" data-id=\"2e399e22\" data-element_type=\"widget\" data-e-type=\"widget\" data-widget_type=\"heading.default\">\n\t\t\t\t\t<h2 class=\"elementor-heading-title elementor-size-default\">Certificaci\u00f3n<\/h2>\t\t\t\t<\/div>\n\t\t\t\t<div class=\"elementor-element elementor-element-769e3b3a elementor-widget-divider--view-line elementor-widget elementor-widget-divider\" data-id=\"769e3b3a\" data-element_type=\"widget\" data-e-type=\"widget\" data-widget_type=\"divider.default\">\n\t\t\t\t\t\t\t<div class=\"elementor-divider\">\n\t\t\t<span class=\"elementor-divider-separator\">\n\t\t\t\t\t\t<\/span>\n\t\t<\/div>\n\t\t\t\t\t\t<\/div>\n\t\t\t\t\t<\/div>\n\t\t\t\t<\/div>\n\t\t<div class=\"elementor-element elementor-element-13e6cd3 e-flex e-con-boxed e-con e-parent\" data-id=\"13e6cd3\" data-element_type=\"container\" data-e-type=\"container\">\n\t\t\t\t\t<div class=\"e-con-inner\">\n\t\t<div class=\"elementor-element elementor-element-ca0e459 e-con-full e-flex e-con e-child\" data-id=\"ca0e459\" data-element_type=\"container\" data-e-type=\"container\">\n\t\t\t\t<div class=\"elementor-element elementor-element-09b063a elementor-widget elementor-widget-heading\" data-id=\"09b063a\" data-element_type=\"widget\" data-e-type=\"widget\" data-widget_type=\"heading.default\">\n\t\t\t\t\t<h2 class=\"elementor-heading-title elementor-size-default\">Gesti\u00f3n de calidad con sistema <br>certificada seg\u00fan ISO 9001<\/h2>\t\t\t\t<\/div>\n\t\t\t\t<div class=\"elementor-element elementor-element-a326e4b elementor-widget-divider--view-line elementor-widget elementor-widget-divider\" data-id=\"a326e4b\" data-element_type=\"widget\" data-e-type=\"widget\" data-widget_type=\"divider.default\">\n\t\t\t\t\t\t\t<div class=\"elementor-divider\">\n\t\t\t<span class=\"elementor-divider-separator\">\n\t\t\t\t\t\t<\/span>\n\t\t<\/div>\n\t\t\t\t\t\t<\/div>\n\t\t\t\t<div class=\"elementor-element elementor-element-394d281 elementor-widget elementor-widget-text-editor\" data-id=\"394d281\" data-element_type=\"widget\" data-e-type=\"widget\" data-widget_type=\"text-editor.default\">\n\t\t\t\t\t\t\t\t\t<p data-start=\"1661\" data-end=\"1973\">Como empresa certificada seg\u00fan la norma ISO 9001, apostamos por procesos estructurados, responsabilidades claras y una mejora continua. El sistema de gesti\u00f3n de calidad ISO 9001 constituye la base de nuestro trabajo diario: en el desarrollo, la producci\u00f3n, la gesti\u00f3n de proyectos y el servicio.<\/p>\n<p><\/p>\n<p data-start=\"1975\" data-end=\"2327\">La norma garantiza que todos los procesos est\u00e9n documentados, revisados y optimizados, con el objetivo de asegurar de forma permanente la m\u00e1xima calidad del producto y la mayor satisfacci\u00f3n del cliente. Para nuestros clientes, esto significa procesos fiables, comunicaci\u00f3n transparente y soluciones t\u00e9cnicas en las que se puede confiar a largo plazo.<\/p>\n<p><\/p>\n<p data-start=\"2329\" data-end=\"2481\">Nuestra certificaci\u00f3n no es un fin en s\u00ed mismo, sino la expresi\u00f3n de nuestra filosof\u00eda: asumir responsabilidades, ofrecer calidad y generar confianza.<\/p>\n\t\t\t\t\t\t\t\t<\/div>\n\t\t\t\t<\/div>\n\t\t<div class=\"elementor-element elementor-element-43163f3 e-con-full e-flex e-con e-child\" data-id=\"43163f3\" data-element_type=\"container\" data-e-type=\"container\">\n\t\t\t\t<div class=\"elementor-element elementor-element-ee6d1e5 elementor-widget elementor-widget-image\" data-id=\"ee6d1e5\" data-element_type=\"widget\" data-e-type=\"widget\" data-widget_type=\"image.default\">\n\t\t\t\t\t\t\t\t\t\t\t\t\t\t\t<img fetchpriority=\"high\" decoding=\"async\" width=\"500\" height=\"692\" src=\"https:\/\/abk-pressenbau.de\/wp-content\/uploads\/Bildschirmfoto-2026-01-23-um-10.47.13.png\" class=\"attachment-large size-large wp-image-8417\" alt=\"\" srcset=\"https:\/\/abk-pressenbau.de\/wp-content\/uploads\/Bildschirmfoto-2026-01-23-um-10.47.13.png 500w, https:\/\/abk-pressenbau.de\/wp-content\/uploads\/Bildschirmfoto-2026-01-23-um-10.47.13-217x300.png 217w\" sizes=\"(max-width: 500px) 100vw, 500px\" \/>\t\t\t\t\t\t\t\t\t\t\t\t\t\t\t<\/div>\n\t\t\t\t<\/div>\n\t\t\t\t\t<\/div>\n\t\t\t\t<\/div>\n\t\t\t\t<\/div>\n\t\t","protected":false},"excerpt":{"rendered":"<p>Certificaci\u00f3n Gesti\u00f3n de calidad con sistema certificada seg\u00fan ISO 9001 Como empresa certificada seg\u00fan la norma ISO 9001, apostamos por procesos estructurados, responsabilidades claras y una mejora continua. El sistema de gesti\u00f3n de calidad ISO 9001 constituye la base de nuestro trabajo diario: en el desarrollo, la producci\u00f3n, la gesti\u00f3n de proyectos y el servicio. [&hellip;]<\/p>\n","protected":false},"author":1,"featured_media":0,"parent":0,"menu_order":0,"comment_status":"closed","ping_status":"closed","template":"elementor_header_footer","meta":{"footnotes":""},"class_list":["post-5390","page","type-page","status-publish","hentry"],"yoast_head":"<!-- This site is optimized with the Yoast SEO plugin v26.9 - https:\/\/yoast.com\/product\/yoast-seo-wordpress\/ -->\n<title>Certificaci\u00f3n - ABK Pressenbau<\/title>\n<meta name=\"robots\" content=\"index, follow, max-snippet:-1, max-image-preview:large, max-video-preview:-1\" \/>\n<link rel=\"canonical\" href=\"https:\/\/abk-pressenbau.de\/es\/certificacion\/\" \/>\n<meta property=\"og:locale\" content=\"es_ES\" \/>\n<meta property=\"og:type\" content=\"article\" \/>\n<meta property=\"og:title\" content=\"Certificaci\u00f3n - ABK Pressenbau\" \/>\n<meta property=\"og:description\" content=\"Certificaci\u00f3n Gesti\u00f3n de calidad con sistema certificada seg\u00fan ISO 9001 Como empresa certificada seg\u00fan la norma ISO 9001, apostamos por procesos estructurados, responsabilidades claras y una mejora continua. El sistema de gesti\u00f3n de calidad ISO 9001 constituye la base de nuestro trabajo diario: en el desarrollo, la producci\u00f3n, la gesti\u00f3n de proyectos y el servicio. [&hellip;]\" \/>\n<meta property=\"og:url\" content=\"https:\/\/abk-pressenbau.de\/es\/certificacion\/\" \/>\n<meta property=\"og:site_name\" content=\"ABK Pressenbau\" \/>\n<meta property=\"article:modified_time\" content=\"2026-01-23T09:49:39+00:00\" \/>\n<meta property=\"og:image\" content=\"https:\/\/abk-pressenbau.de\/wp-content\/uploads\/Bildschirmfoto-2026-01-23-um-10.47.13.png\" \/>\n\t<meta property=\"og:image:width\" content=\"500\" \/>\n\t<meta property=\"og:image:height\" content=\"692\" \/>\n\t<meta property=\"og:image:type\" content=\"image\/png\" \/>\n<meta name=\"twitter:card\" content=\"summary_large_image\" \/>\n<meta name=\"twitter:label1\" content=\"Tiempo de lectura\" \/>\n\t<meta name=\"twitter:data1\" content=\"1 minuto\" \/>\n<script type=\"application\/ld+json\" class=\"yoast-schema-graph\">{\"@context\":\"https:\/\/schema.org\",\"@graph\":[{\"@type\":\"WebPage\",\"@id\":\"https:\/\/abk-pressenbau.de\/es\/certificacion\/\",\"url\":\"https:\/\/abk-pressenbau.de\/es\/certificacion\/\",\"name\":\"Certificaci\u00f3n - ABK Pressenbau\",\"isPartOf\":{\"@id\":\"https:\/\/abk-pressenbau.de\/es\/#website\"},\"primaryImageOfPage\":{\"@id\":\"https:\/\/abk-pressenbau.de\/es\/certificacion\/#primaryimage\"},\"image\":{\"@id\":\"https:\/\/abk-pressenbau.de\/es\/certificacion\/#primaryimage\"},\"thumbnailUrl\":\"https:\/\/abk-pressenbau.de\/wp-content\/uploads\/Bildschirmfoto-2026-01-23-um-10.47.13.png\",\"datePublished\":\"2025-08-05T09:11:37+00:00\",\"dateModified\":\"2026-01-23T09:49:39+00:00\",\"breadcrumb\":{\"@id\":\"https:\/\/abk-pressenbau.de\/es\/certificacion\/#breadcrumb\"},\"inLanguage\":\"es\",\"potentialAction\":[{\"@type\":\"ReadAction\",\"target\":[\"https:\/\/abk-pressenbau.de\/es\/certificacion\/\"]}]},{\"@type\":\"ImageObject\",\"inLanguage\":\"es\",\"@id\":\"https:\/\/abk-pressenbau.de\/es\/certificacion\/#primaryimage\",\"url\":\"https:\/\/abk-pressenbau.de\/wp-content\/uploads\/Bildschirmfoto-2026-01-23-um-10.47.13.png\",\"contentUrl\":\"https:\/\/abk-pressenbau.de\/wp-content\/uploads\/Bildschirmfoto-2026-01-23-um-10.47.13.png\"},{\"@type\":\"BreadcrumbList\",\"@id\":\"https:\/\/abk-pressenbau.de\/es\/certificacion\/#breadcrumb\",\"itemListElement\":[{\"@type\":\"ListItem\",\"position\":1,\"name\":\"Home\",\"item\":\"https:\/\/abk-pressenbau.de\/es\/\"},{\"@type\":\"ListItem\",\"position\":2,\"name\":\"Certificaci\u00f3n\"}]},{\"@type\":\"WebSite\",\"@id\":\"https:\/\/abk-pressenbau.de\/es\/#website\",\"url\":\"https:\/\/abk-pressenbau.de\/es\/\",\"name\":\"ABK Pressenbau\",\"description\":\"Innovative Pressentechnologie f\u00fcr effiziente und zuverl\u00e4ssige Fertigungsl\u00f6sungen.\",\"publisher\":{\"@id\":\"https:\/\/abk-pressenbau.de\/es\/#organization\"},\"potentialAction\":[{\"@type\":\"SearchAction\",\"target\":{\"@type\":\"EntryPoint\",\"urlTemplate\":\"https:\/\/abk-pressenbau.de\/es\/?s={search_term_string}\"},\"query-input\":{\"@type\":\"PropertyValueSpecification\",\"valueRequired\":true,\"valueName\":\"search_term_string\"}}],\"inLanguage\":\"es\"},{\"@type\":\"Organization\",\"@id\":\"https:\/\/abk-pressenbau.de\/es\/#organization\",\"name\":\"ABK Pressenbau\",\"url\":\"https:\/\/abk-pressenbau.de\/es\/\",\"logo\":{\"@type\":\"ImageObject\",\"inLanguage\":\"es\",\"@id\":\"https:\/\/abk-pressenbau.de\/es\/#\/schema\/logo\/image\/\",\"url\":\"https:\/\/abk-pressenbau.de\/wp-content\/uploads\/ABK-Favicon-Logo2-EN.jpg\",\"contentUrl\":\"https:\/\/abk-pressenbau.de\/wp-content\/uploads\/ABK-Favicon-Logo2-EN.jpg\",\"width\":512,\"height\":512,\"caption\":\"ABK Pressenbau\"},\"image\":{\"@id\":\"https:\/\/abk-pressenbau.de\/es\/#\/schema\/logo\/image\/\"}}]}<\/script>\n<!-- \/ Yoast SEO plugin. -->","yoast_head_json":{"title":"Certificaci\u00f3n - ABK Pressenbau","robots":{"index":"index","follow":"follow","max-snippet":"max-snippet:-1","max-image-preview":"max-image-preview:large","max-video-preview":"max-video-preview:-1"},"canonical":"https:\/\/abk-pressenbau.de\/es\/certificacion\/","og_locale":"es_ES","og_type":"article","og_title":"Certificaci\u00f3n - ABK Pressenbau","og_description":"Certificaci\u00f3n Gesti\u00f3n de calidad con sistema certificada seg\u00fan ISO 9001 Como empresa certificada seg\u00fan la norma ISO 9001, apostamos por procesos estructurados, responsabilidades claras y una mejora continua. El sistema de gesti\u00f3n de calidad ISO 9001 constituye la base de nuestro trabajo diario: en el desarrollo, la producci\u00f3n, la gesti\u00f3n de proyectos y el servicio. [&hellip;]","og_url":"https:\/\/abk-pressenbau.de\/es\/certificacion\/","og_site_name":"ABK Pressenbau","article_modified_time":"2026-01-23T09:49:39+00:00","og_image":[{"width":500,"height":692,"url":"https:\/\/abk-pressenbau.de\/wp-content\/uploads\/Bildschirmfoto-2026-01-23-um-10.47.13.png","type":"image\/png"}],"twitter_card":"summary_large_image","twitter_misc":{"Tiempo de lectura":"1 minuto"},"schema":{"@context":"https:\/\/schema.org","@graph":[{"@type":"WebPage","@id":"https:\/\/abk-pressenbau.de\/es\/certificacion\/","url":"https:\/\/abk-pressenbau.de\/es\/certificacion\/","name":"Certificaci\u00f3n - ABK Pressenbau","isPartOf":{"@id":"https:\/\/abk-pressenbau.de\/es\/#website"},"primaryImageOfPage":{"@id":"https:\/\/abk-pressenbau.de\/es\/certificacion\/#primaryimage"},"image":{"@id":"https:\/\/abk-pressenbau.de\/es\/certificacion\/#primaryimage"},"thumbnailUrl":"https:\/\/abk-pressenbau.de\/wp-content\/uploads\/Bildschirmfoto-2026-01-23-um-10.47.13.png","datePublished":"2025-08-05T09:11:37+00:00","dateModified":"2026-01-23T09:49:39+00:00","breadcrumb":{"@id":"https:\/\/abk-pressenbau.de\/es\/certificacion\/#breadcrumb"},"inLanguage":"es","potentialAction":[{"@type":"ReadAction","target":["https:\/\/abk-pressenbau.de\/es\/certificacion\/"]}]},{"@type":"ImageObject","inLanguage":"es","@id":"https:\/\/abk-pressenbau.de\/es\/certificacion\/#primaryimage","url":"https:\/\/abk-pressenbau.de\/wp-content\/uploads\/Bildschirmfoto-2026-01-23-um-10.47.13.png","contentUrl":"https:\/\/abk-pressenbau.de\/wp-content\/uploads\/Bildschirmfoto-2026-01-23-um-10.47.13.png"},{"@type":"BreadcrumbList","@id":"https:\/\/abk-pressenbau.de\/es\/certificacion\/#breadcrumb","itemListElement":[{"@type":"ListItem","position":1,"name":"Home","item":"https:\/\/abk-pressenbau.de\/es\/"},{"@type":"ListItem","position":2,"name":"Certificaci\u00f3n"}]},{"@type":"WebSite","@id":"https:\/\/abk-pressenbau.de\/es\/#website","url":"https:\/\/abk-pressenbau.de\/es\/","name":"ABK Pressenbau","description":"Innovative Pressentechnologie f\u00fcr effiziente und zuverl\u00e4ssige Fertigungsl\u00f6sungen.","publisher":{"@id":"https:\/\/abk-pressenbau.de\/es\/#organization"},"potentialAction":[{"@type":"SearchAction","target":{"@type":"EntryPoint","urlTemplate":"https:\/\/abk-pressenbau.de\/es\/?s={search_term_string}"},"query-input":{"@type":"PropertyValueSpecification","valueRequired":true,"valueName":"search_term_string"}}],"inLanguage":"es"},{"@type":"Organization","@id":"https:\/\/abk-pressenbau.de\/es\/#organization","name":"ABK Pressenbau","url":"https:\/\/abk-pressenbau.de\/es\/","logo":{"@type":"ImageObject","inLanguage":"es","@id":"https:\/\/abk-pressenbau.de\/es\/#\/schema\/logo\/image\/","url":"https:\/\/abk-pressenbau.de\/wp-content\/uploads\/ABK-Favicon-Logo2-EN.jpg","contentUrl":"https:\/\/abk-pressenbau.de\/wp-content\/uploads\/ABK-Favicon-Logo2-EN.jpg","width":512,"height":512,"caption":"ABK Pressenbau"},"image":{"@id":"https:\/\/abk-pressenbau.de\/es\/#\/schema\/logo\/image\/"}}]}},"_links":{"self":[{"href":"https:\/\/abk-pressenbau.de\/es\/wp-json\/wp\/v2\/pages\/5390","targetHints":{"allow":["GET"]}}],"collection":[{"href":"https:\/\/abk-pressenbau.de\/es\/wp-json\/wp\/v2\/pages"}],"about":[{"href":"https:\/\/abk-pressenbau.de\/es\/wp-json\/wp\/v2\/types\/page"}],"author":[{"embeddable":true,"href":"https:\/\/abk-pressenbau.de\/es\/wp-json\/wp\/v2\/users\/1"}],"replies":[{"embeddable":true,"href":"https:\/\/abk-pressenbau.de\/es\/wp-json\/wp\/v2\/comments?post=5390"}],"version-history":[{"count":10,"href":"https:\/\/abk-pressenbau.de\/es\/wp-json\/wp\/v2\/pages\/5390\/revisions"}],"predecessor-version":[{"id":8428,"href":"https:\/\/abk-pressenbau.de\/es\/wp-json\/wp\/v2\/pages\/5390\/revisions\/8428"}],"wp:attachment":[{"href":"https:\/\/abk-pressenbau.de\/es\/wp-json\/wp\/v2\/media?parent=5390"}],"curies":[{"name":"wp","href":"https:\/\/api.w.org\/{rel}","templated":true}]}}