{"id":5600,"date":"2025-07-31T10:14:45","date_gmt":"2025-07-31T08:14:45","guid":{"rendered":"https:\/\/new2025.abk-pressenbau.de\/noticias\/"},"modified":"2025-10-07T12:43:45","modified_gmt":"2025-10-07T10:43:45","slug":"noticias","status":"publish","type":"page","link":"https:\/\/abk-pressenbau.de\/es\/noticias\/","title":{"rendered":"Noticias"},"content":{"rendered":"\t\t<div data-elementor-type=\"wp-page\" data-elementor-id=\"5600\" class=\"elementor elementor-5600 elementor-3051\" data-elementor-post-type=\"page\">\n\t\t\t\t<div class=\"elementor-element elementor-element-66f751e5 e-flex e-con-boxed e-con e-parent\" data-id=\"66f751e5\" data-element_type=\"container\" data-e-type=\"container\" data-settings=\"{&quot;background_background&quot;:&quot;classic&quot;}\">\n\t\t\t\t\t<div class=\"e-con-inner\">\n\t\t\t\t<div class=\"elementor-element elementor-element-2e399e22 elementor-widget elementor-widget-heading\" data-id=\"2e399e22\" data-element_type=\"widget\" data-e-type=\"widget\" data-widget_type=\"heading.default\">\n\t\t\t\t\t<h2 class=\"elementor-heading-title elementor-size-default\">Noticias<\/h2>\t\t\t\t<\/div>\n\t\t\t\t<div class=\"elementor-element elementor-element-769e3b3a elementor-widget-divider--view-line elementor-widget elementor-widget-divider\" data-id=\"769e3b3a\" data-element_type=\"widget\" data-e-type=\"widget\" data-widget_type=\"divider.default\">\n\t\t\t\t\t\t\t<div class=\"elementor-divider\">\n\t\t\t<span class=\"elementor-divider-separator\">\n\t\t\t\t\t\t<\/span>\n\t\t<\/div>\n\t\t\t\t\t\t<\/div>\n\t\t\t\t\t<\/div>\n\t\t\t\t<\/div>\n\t\t<div class=\"elementor-element elementor-element-ec9c324 e-flex e-con-boxed e-con e-parent\" data-id=\"ec9c324\" data-element_type=\"container\" data-e-type=\"container\">\n\t\t\t\t\t<div class=\"e-con-inner\">\n\t\t<div class=\"elementor-element elementor-element-efc762a e-con-full e-flex e-con e-child\" data-id=\"efc762a\" data-element_type=\"container\" data-e-type=\"container\">\n\t\t\t\t<div class=\"elementor-element elementor-element-6e2f831 elementor-widget elementor-widget-heading\" data-id=\"6e2f831\" data-element_type=\"widget\" data-e-type=\"widget\" data-widget_type=\"heading.default\">\n\t\t\t\t\t<h2 class=\"elementor-heading-title elementor-size-default\">Actualidad en abk Pressenbau<\/h2>\t\t\t\t<\/div>\n\t\t\t\t<div class=\"elementor-element elementor-element-6bb8c8d elementor-widget-divider--view-line elementor-widget elementor-widget-divider\" data-id=\"6bb8c8d\" data-element_type=\"widget\" data-e-type=\"widget\" data-widget_type=\"divider.default\">\n\t\t\t\t\t\t\t<div class=\"elementor-divider\">\n\t\t\t<span class=\"elementor-divider-separator\">\n\t\t\t\t\t\t<\/span>\n\t\t<\/div>\n\t\t\t\t\t\t<\/div>\n\t\t\t\t<div class=\"elementor-element elementor-element-f80aea9 elementor-widget elementor-widget-text-editor\" data-id=\"f80aea9\" data-element_type=\"widget\" data-e-type=\"widget\" data-widget_type=\"text-editor.default\">\n\t\t\t\t\t\t\t\t\t<p><strong>Mant\u00e9ngase informado:<\/strong> Aqu\u00ed encontrar\u00e1 noticias actuales, comunicados de prensa, participaciones en ferias y novedades sobre abk Pressenbau.<br data-start=\"796\" data-end=\"799\" \/>Ya sean innovaciones t\u00e9cnicas, nuevos proyectos o una mirada entre bastidores, le mantenemos al d\u00eda.<\/p>\n\t\t\t\t\t\t\t\t<\/div>\n\t\t\t\t<\/div>\n\t\t\t\t\t<\/div>\n\t\t\t\t<\/div>\n\t\t<div class=\"elementor-element elementor-element-aec348f e-flex e-con-boxed e-con e-parent\" data-id=\"aec348f\" data-element_type=\"container\" data-e-type=\"container\">\n\t\t\t\t\t<div class=\"e-con-inner\">\n\t\t\t\t<div class=\"elementor-element elementor-element-f150f9c elementor-widget elementor-widget-taxonomy-filter\" data-id=\"f150f9c\" data-element_type=\"widget\" data-e-type=\"widget\" data-settings=\"{&quot;selected_element&quot;:&quot;a405839&quot;,&quot;taxonomy&quot;:&quot;category&quot;,&quot;multiple_selection&quot;:&quot;no&quot;,&quot;horizontal_scroll&quot;:&quot;disable&quot;}\" data-widget_type=\"taxonomy-filter.default\">\n\t\t\t\t\t\t\t<search class=\"e-filter\" role=\"search\" data-base-url=\"https:\/\/abk-pressenbau.de\/es\/\" data-page-num=\"1\">\n\t\t\t\t\t\t\t<button class=\"e-filter-item\" data-filter=\"empresa\" aria-pressed=\"false\">Empresa<\/button>\n\t\t\t\n\t\t\t\t\t\t\t\t\t<button class=\"e-filter-item\" data-filter=\"__all\" aria-pressed=\"true\">\n\t\t\t\tTodos\t\t\t<\/button>\n\t\t\t\t\t<\/search>\n\t\t\t\t\t\t<\/div>\n\t\t\t\t<div class=\"elementor-element elementor-element-a405839 elementor-grid-3 elementor-grid-tablet-2 elementor-grid-mobile-1 elementor-widget elementor-widget-loop-grid\" data-id=\"a405839\" data-element_type=\"widget\" data-e-type=\"widget\" data-settings=\"{&quot;template_id&quot;:3109,&quot;_skin&quot;:&quot;post&quot;,&quot;columns&quot;:&quot;3&quot;,&quot;columns_tablet&quot;:&quot;2&quot;,&quot;columns_mobile&quot;:&quot;1&quot;,&quot;edit_handle_selector&quot;:&quot;[data-elementor-type=\\&quot;loop-item\\&quot;]&quot;,&quot;row_gap&quot;:{&quot;unit&quot;:&quot;px&quot;,&quot;size&quot;:&quot;&quot;,&quot;sizes&quot;:[]},&quot;row_gap_tablet&quot;:{&quot;unit&quot;:&quot;px&quot;,&quot;size&quot;:&quot;&quot;,&quot;sizes&quot;:[]},&quot;row_gap_mobile&quot;:{&quot;unit&quot;:&quot;px&quot;,&quot;size&quot;:&quot;&quot;,&quot;sizes&quot;:[]}}\" data-widget_type=\"loop-grid.post\">\n\t\t\t\t<div class=\"elementor-widget-container\">\n\t\t\t\t\t\t\t<div class=\"elementor-loop-container elementor-grid\" role=\"list\">\n\t\t<style id=\"loop-3109\">.elementor-3109 .elementor-element.elementor-element-de605d6{--display:flex;--min-height:335px;--flex-direction:column;--container-widget-width:100%;--container-widget-height:initial;--container-widget-flex-grow:0;--container-widget-align-self:initial;--flex-wrap-mobile:wrap;box-shadow:0px 0px 10px 0px rgba(0,0,0,0.5);--margin-top:0px;--margin-bottom:0px;--margin-left:0px;--margin-right:0px;--padding-top:0px;--padding-bottom:0px;--padding-left:0px;--padding-right:0px;}.elementor-widget-theme-post-featured-image .widget-image-caption{color:var( --e-global-color-text );font-family:var( --e-global-typography-text-font-family ), Sans-serif;font-size:var( --e-global-typography-text-font-size );font-weight:var( --e-global-typography-text-font-weight );}.elementor-3109 .elementor-element.elementor-element-691a2cd img{width:100%;max-width:100%;height:260px;object-fit:cover;object-position:center center;}.elementor-3109 .elementor-element.elementor-element-691a2cd{margin:0px 0px calc(var(--kit-widget-spacing, 0px) + 0px) 0px;padding:0px 0px 0px 0px;}.elementor-widget-theme-post-title .elementor-heading-title{font-family:var( --e-global-typography-primary-font-family ), Sans-serif;font-size:var( --e-global-typography-primary-font-size );font-weight:var( --e-global-typography-primary-font-weight );color:var( --e-global-color-primary );}.elementor-3109 .elementor-element.elementor-element-34e2d00 .elementor-heading-title{font-family:\"Roboto\", Sans-serif;font-size:22px;font-weight:500;color:var( --e-global-color-secondary );}.elementor-3109 .elementor-element.elementor-element-34e2d00{padding:20px 10px 0px 23px;}.elementor-widget-button .elementor-button{font-family:var( --e-global-typography-accent-font-family ), Sans-serif;font-weight:var( --e-global-typography-accent-font-weight );background-color:var( --e-global-color-accent );}.elementor-3109 .elementor-element.elementor-element-0b57e85 .elementor-button-content-wrapper{flex-direction:row-reverse;}.elementor-3109 .elementor-element.elementor-element-0b57e85 .elementor-button{fill:var( --e-global-color-secondary );color:var( --e-global-color-secondary );background-color:#FFE40000;}.elementor-3109 .elementor-element.elementor-element-0b57e85 .elementor-button:hover, .elementor-3109 .elementor-element.elementor-element-0b57e85 .elementor-button:focus{color:var( --e-global-color-primary );}.elementor-3109 .elementor-element.elementor-element-0b57e85 .elementor-button:hover svg, .elementor-3109 .elementor-element.elementor-element-0b57e85 .elementor-button:focus svg{fill:var( --e-global-color-primary );}.elementor-3109 .elementor-element.elementor-element-0b57e85{margin:0px 0px calc(var(--kit-widget-spacing, 0px) + 0px) 0px;padding:0px 0px 0px 0px;}@media(min-width:768px){.elementor-3109 .elementor-element.elementor-element-de605d6{--content-width:1250px;}}@media(max-width:1024px){.elementor-widget-theme-post-featured-image .widget-image-caption{font-size:var( --e-global-typography-text-font-size );}.elementor-widget-theme-post-title .elementor-heading-title{font-size:var( --e-global-typography-primary-font-size );}}@media(max-width:767px){.elementor-widget-theme-post-featured-image .widget-image-caption{font-size:var( --e-global-typography-text-font-size );}.elementor-widget-theme-post-title .elementor-heading-title{font-size:var( --e-global-typography-primary-font-size );}}<\/style>\t\t<div data-elementor-type=\"loop-item\" data-elementor-id=\"3109\" class=\"elementor elementor-3109 e-loop-item e-loop-item-8060 post-8060 post type-post status-publish format-standard has-post-thumbnail hentry category-events category-unternehmen\" data-elementor-post-type=\"elementor_library\" data-custom-edit-handle=\"1\">\n\t\t\t<div class=\"elementor-element elementor-element-de605d6 e-flex e-con-boxed e-con e-parent\" data-id=\"de605d6\" data-element_type=\"container\" data-e-type=\"container\">\n\t\t\t\t\t<div class=\"e-con-inner\">\n\t\t\t\t<div class=\"elementor-element elementor-element-691a2cd elementor-widget elementor-widget-theme-post-featured-image elementor-widget-image\" data-id=\"691a2cd\" data-element_type=\"widget\" data-e-type=\"widget\" data-widget_type=\"theme-post-featured-image.default\">\n\t\t\t\t\t\t\t\t\t\t\t\t\t\t\t<img fetchpriority=\"high\" decoding=\"async\" width=\"800\" height=\"450\" src=\"https:\/\/abk-pressenbau.de\/wp-content\/uploads\/1759926094225-web-1024x576.jpeg\" class=\"attachment-large size-large wp-image-8034\" alt=\"\" srcset=\"https:\/\/abk-pressenbau.de\/wp-content\/uploads\/1759926094225-web-1024x576.jpeg 1024w, https:\/\/abk-pressenbau.de\/wp-content\/uploads\/1759926094225-web-300x169.jpeg 300w, https:\/\/abk-pressenbau.de\/wp-content\/uploads\/1759926094225-web-768x432.jpeg 768w, https:\/\/abk-pressenbau.de\/wp-content\/uploads\/1759926094225-web-1536x864.jpeg 1536w, https:\/\/abk-pressenbau.de\/wp-content\/uploads\/1759926094225-web.jpeg 2048w\" sizes=\"(max-width: 800px) 100vw, 800px\" \/>\t\t\t\t\t\t\t\t\t\t\t\t\t\t\t<\/div>\n\t\t\t\t<div class=\"elementor-element elementor-element-34e2d00 elementor-widget elementor-widget-theme-post-title elementor-page-title elementor-widget-heading\" data-id=\"34e2d00\" data-element_type=\"widget\" data-e-type=\"widget\" data-widget_type=\"theme-post-title.default\">\n\t\t\t\t\t<h1 class=\"elementor-heading-title elementor-size-default\"><a href=\"https:\/\/abk-pressenbau.de\/es\/exito-en-el-congreso-nadca-2025-en-milwaukee\/\">\u00c9xito en el congreso NADCA 2025 en Milwaukee<\/a><\/h1>\t\t\t\t<\/div>\n\t\t\t\t<div class=\"elementor-element elementor-element-0b57e85 elementor-widget elementor-widget-button\" data-id=\"0b57e85\" data-element_type=\"widget\" data-e-type=\"widget\" data-widget_type=\"button.default\">\n\t\t\t\t\t\t\t\t\t\t<a class=\"elementor-button elementor-button-link elementor-size-sm\" href=\"https:\/\/abk-pressenbau.de\/es\/exito-en-el-congreso-nadca-2025-en-milwaukee\/\">\n\t\t\t\t\t\t<span class=\"elementor-button-content-wrapper\">\n\t\t\t\t\t\t<span class=\"elementor-button-icon\">\n\t\t\t\t<svg aria-hidden=\"true\" class=\"e-font-icon-svg e-fas-angle-double-right\" viewBox=\"0 0 448 512\" xmlns=\"http:\/\/www.w3.org\/2000\/svg\"><path d=\"M224.3 273l-136 136c-9.4 9.4-24.6 9.4-33.9 0l-22.6-22.6c-9.4-9.4-9.4-24.6 0-33.9l96.4-96.4-96.4-96.4c-9.4-9.4-9.4-24.6 0-33.9L54.3 103c9.4-9.4 24.6-9.4 33.9 0l136 136c9.5 9.4 9.5 24.6.1 34zm192-34l-136-136c-9.4-9.4-24.6-9.4-33.9 0l-22.6 22.6c-9.4 9.4-9.4 24.6 0 33.9l96.4 96.4-96.4 96.4c-9.4 9.4-9.4 24.6 0 33.9l22.6 22.6c9.4 9.4 24.6 9.4 33.9 0l136-136c9.4-9.2 9.4-24.4 0-33.8z\"><\/path><\/svg>\t\t\t<\/span>\n\t\t\t\t\t\t\t\t\t<span class=\"elementor-button-text\">WEITERLESEN<\/span>\n\t\t\t\t\t<\/span>\n\t\t\t\t\t<\/a>\n\t\t\t\t\t\t\t\t<\/div>\n\t\t\t\t\t<\/div>\n\t\t\t\t<\/div>\n\t\t\t\t<\/div>\n\t\t\t\t<div data-elementor-type=\"loop-item\" data-elementor-id=\"3109\" class=\"elementor elementor-3109 e-loop-item e-loop-item-8181 post-8181 post type-post status-publish format-standard has-post-thumbnail hentry category-events category-unternehmen\" data-elementor-post-type=\"elementor_library\" data-custom-edit-handle=\"1\">\n\t\t\t<div class=\"elementor-element elementor-element-de605d6 e-flex e-con-boxed e-con e-parent\" data-id=\"de605d6\" data-element_type=\"container\" data-e-type=\"container\">\n\t\t\t\t\t<div class=\"e-con-inner\">\n\t\t\t\t<div class=\"elementor-element elementor-element-691a2cd elementor-widget elementor-widget-theme-post-featured-image elementor-widget-image\" data-id=\"691a2cd\" data-element_type=\"widget\" data-e-type=\"widget\" data-widget_type=\"theme-post-featured-image.default\">\n\t\t\t\t\t\t\t\t\t\t\t\t\t\t\t<img decoding=\"async\" width=\"800\" height=\"534\" src=\"https:\/\/abk-pressenbau.de\/wp-content\/uploads\/1L5A0936-Kopie-1-1024x683.jpg\" class=\"attachment-large size-large wp-image-8149\" alt=\"\" srcset=\"https:\/\/abk-pressenbau.de\/wp-content\/uploads\/1L5A0936-Kopie-1-1024x683.jpg 1024w, https:\/\/abk-pressenbau.de\/wp-content\/uploads\/1L5A0936-Kopie-1-300x200.jpg 300w, https:\/\/abk-pressenbau.de\/wp-content\/uploads\/1L5A0936-Kopie-1-768x512.jpg 768w, https:\/\/abk-pressenbau.de\/wp-content\/uploads\/1L5A0936-Kopie-1-1536x1024.jpg 1536w, https:\/\/abk-pressenbau.de\/wp-content\/uploads\/1L5A0936-Kopie-1.jpg 1818w\" sizes=\"(max-width: 800px) 100vw, 800px\" \/>\t\t\t\t\t\t\t\t\t\t\t\t\t\t\t<\/div>\n\t\t\t\t<div class=\"elementor-element elementor-element-34e2d00 elementor-widget elementor-widget-theme-post-title elementor-page-title elementor-widget-heading\" data-id=\"34e2d00\" data-element_type=\"widget\" data-e-type=\"widget\" data-widget_type=\"theme-post-title.default\">\n\t\t\t\t\t<h1 class=\"elementor-heading-title elementor-size-default\"><a href=\"https:\/\/abk-pressenbau.de\/es\/tech-day-2025-innovacion-y-colaboracion-como-motor-del-exito\/\">Tech Day 2025 \u2013 Innovaci\u00f3n y colaboraci\u00f3n como motor del \u00e9xito<\/a><\/h1>\t\t\t\t<\/div>\n\t\t\t\t<div class=\"elementor-element elementor-element-0b57e85 elementor-widget elementor-widget-button\" data-id=\"0b57e85\" data-element_type=\"widget\" data-e-type=\"widget\" data-widget_type=\"button.default\">\n\t\t\t\t\t\t\t\t\t\t<a class=\"elementor-button elementor-button-link elementor-size-sm\" href=\"https:\/\/abk-pressenbau.de\/es\/tech-day-2025-innovacion-y-colaboracion-como-motor-del-exito\/\">\n\t\t\t\t\t\t<span class=\"elementor-button-content-wrapper\">\n\t\t\t\t\t\t<span class=\"elementor-button-icon\">\n\t\t\t\t<svg aria-hidden=\"true\" class=\"e-font-icon-svg e-fas-angle-double-right\" viewBox=\"0 0 448 512\" xmlns=\"http:\/\/www.w3.org\/2000\/svg\"><path d=\"M224.3 273l-136 136c-9.4 9.4-24.6 9.4-33.9 0l-22.6-22.6c-9.4-9.4-9.4-24.6 0-33.9l96.4-96.4-96.4-96.4c-9.4-9.4-9.4-24.6 0-33.9L54.3 103c9.4-9.4 24.6-9.4 33.9 0l136 136c9.5 9.4 9.5 24.6.1 34zm192-34l-136-136c-9.4-9.4-24.6-9.4-33.9 0l-22.6 22.6c-9.4 9.4-9.4 24.6 0 33.9l96.4 96.4-96.4 96.4c-9.4 9.4-9.4 24.6 0 33.9l22.6 22.6c9.4 9.4 24.6 9.4 33.9 0l136-136c9.4-9.2 9.4-24.4 0-33.8z\"><\/path><\/svg>\t\t\t<\/span>\n\t\t\t\t\t\t\t\t\t<span class=\"elementor-button-text\">WEITERLESEN<\/span>\n\t\t\t\t\t<\/span>\n\t\t\t\t\t<\/a>\n\t\t\t\t\t\t\t\t<\/div>\n\t\t\t\t\t<\/div>\n\t\t\t\t<\/div>\n\t\t\t\t<\/div>\n\t\t\t\t<div data-elementor-type=\"loop-item\" data-elementor-id=\"3109\" class=\"elementor elementor-3109 e-loop-item e-loop-item-8079 post-8079 post type-post status-publish format-standard has-post-thumbnail hentry category-empresa category-unternehmen\" data-elementor-post-type=\"elementor_library\" data-custom-edit-handle=\"1\">\n\t\t\t<div class=\"elementor-element elementor-element-de605d6 e-flex e-con-boxed e-con e-parent\" data-id=\"de605d6\" data-element_type=\"container\" data-e-type=\"container\">\n\t\t\t\t\t<div class=\"e-con-inner\">\n\t\t\t\t<div class=\"elementor-element elementor-element-691a2cd elementor-widget elementor-widget-theme-post-featured-image elementor-widget-image\" data-id=\"691a2cd\" data-element_type=\"widget\" data-e-type=\"widget\" data-widget_type=\"theme-post-featured-image.default\">\n\t\t\t\t\t\t\t\t\t\t\t\t\t\t\t<img decoding=\"async\" width=\"800\" height=\"370\" src=\"https:\/\/abk-pressenbau.de\/wp-content\/uploads\/1731495757442-web-1024x473.jpeg\" class=\"attachment-large size-large wp-image-8068\" alt=\"\" srcset=\"https:\/\/abk-pressenbau.de\/wp-content\/uploads\/1731495757442-web-1024x473.jpeg 1024w, https:\/\/abk-pressenbau.de\/wp-content\/uploads\/1731495757442-web-300x139.jpeg 300w, https:\/\/abk-pressenbau.de\/wp-content\/uploads\/1731495757442-web-768x355.jpeg 768w, https:\/\/abk-pressenbau.de\/wp-content\/uploads\/1731495757442-web.jpeg 1298w\" sizes=\"(max-width: 800px) 100vw, 800px\" \/>\t\t\t\t\t\t\t\t\t\t\t\t\t\t\t<\/div>\n\t\t\t\t<div class=\"elementor-element elementor-element-34e2d00 elementor-widget elementor-widget-theme-post-title elementor-page-title elementor-widget-heading\" data-id=\"34e2d00\" data-element_type=\"widget\" data-e-type=\"widget\" data-widget_type=\"theme-post-title.default\">\n\t\t\t\t\t<h1 class=\"elementor-heading-title elementor-size-default\"><a href=\"https:\/\/abk-pressenbau.de\/es\/entrega-de-donaciones-durante-la-jornada-de-puertas-abiertas\/\">Entrega de donaciones durante la jornada de puertas abiertas<\/a><\/h1>\t\t\t\t<\/div>\n\t\t\t\t<div class=\"elementor-element elementor-element-0b57e85 elementor-widget elementor-widget-button\" data-id=\"0b57e85\" data-element_type=\"widget\" data-e-type=\"widget\" data-widget_type=\"button.default\">\n\t\t\t\t\t\t\t\t\t\t<a class=\"elementor-button elementor-button-link elementor-size-sm\" href=\"https:\/\/abk-pressenbau.de\/es\/entrega-de-donaciones-durante-la-jornada-de-puertas-abiertas\/\">\n\t\t\t\t\t\t<span class=\"elementor-button-content-wrapper\">\n\t\t\t\t\t\t<span class=\"elementor-button-icon\">\n\t\t\t\t<svg aria-hidden=\"true\" class=\"e-font-icon-svg e-fas-angle-double-right\" viewBox=\"0 0 448 512\" xmlns=\"http:\/\/www.w3.org\/2000\/svg\"><path d=\"M224.3 273l-136 136c-9.4 9.4-24.6 9.4-33.9 0l-22.6-22.6c-9.4-9.4-9.4-24.6 0-33.9l96.4-96.4-96.4-96.4c-9.4-9.4-9.4-24.6 0-33.9L54.3 103c9.4-9.4 24.6-9.4 33.9 0l136 136c9.5 9.4 9.5 24.6.1 34zm192-34l-136-136c-9.4-9.4-24.6-9.4-33.9 0l-22.6 22.6c-9.4 9.4-9.4 24.6 0 33.9l96.4 96.4-96.4 96.4c-9.4 9.4-9.4 24.6 0 33.9l22.6 22.6c9.4 9.4 24.6 9.4 33.9 0l136-136c9.4-9.2 9.4-24.4 0-33.8z\"><\/path><\/svg>\t\t\t<\/span>\n\t\t\t\t\t\t\t\t\t<span class=\"elementor-button-text\">WEITERLESEN<\/span>\n\t\t\t\t\t<\/span>\n\t\t\t\t\t<\/a>\n\t\t\t\t\t\t\t\t<\/div>\n\t\t\t\t\t<\/div>\n\t\t\t\t<\/div>\n\t\t\t\t<\/div>\n\t\t\t\t<\/div>\n\t\t\n\t\t\t\t\t\t<\/div>\n\t\t\t\t<\/div>\n\t\t\t\t\t<\/div>\n\t\t\t\t<\/div>\n\t\t\t\t<\/div>\n\t\t","protected":false},"excerpt":{"rendered":"<p>Noticias Actualidad en abk Pressenbau Mant\u00e9ngase informado: Aqu\u00ed encontrar\u00e1 noticias actuales, comunicados de prensa, participaciones en ferias y novedades sobre abk Pressenbau.Ya sean innovaciones t\u00e9cnicas, nuevos proyectos o una mirada entre bastidores, le mantenemos al d\u00eda. Innovation Produkte Unternehmen Todos<\/p>\n","protected":false},"author":1,"featured_media":0,"parent":0,"menu_order":0,"comment_status":"closed","ping_status":"closed","template":"elementor_header_footer","meta":{"footnotes":""},"class_list":["post-5600","page","type-page","status-publish","hentry"],"yoast_head":"<!-- This site is optimized with the Yoast SEO plugin v26.9 - https:\/\/yoast.com\/product\/yoast-seo-wordpress\/ -->\n<title>Noticias - ABK Pressenbau<\/title>\n<meta name=\"robots\" content=\"index, follow, max-snippet:-1, max-image-preview:large, max-video-preview:-1\" \/>\n<link rel=\"canonical\" href=\"https:\/\/abk-pressenbau.de\/es\/noticias\/\" \/>\n<meta property=\"og:locale\" content=\"es_ES\" \/>\n<meta property=\"og:type\" content=\"article\" \/>\n<meta property=\"og:title\" content=\"Noticias - ABK Pressenbau\" \/>\n<meta property=\"og:description\" content=\"Noticias Actualidad en abk Pressenbau Mant\u00e9ngase informado: Aqu\u00ed encontrar\u00e1 noticias actuales, comunicados de prensa, participaciones en ferias y novedades sobre abk Pressenbau.Ya sean innovaciones t\u00e9cnicas, nuevos proyectos o una mirada entre bastidores, le mantenemos al d\u00eda. Innovation Produkte Unternehmen Todos\" \/>\n<meta property=\"og:url\" content=\"https:\/\/abk-pressenbau.de\/es\/noticias\/\" \/>\n<meta property=\"og:site_name\" content=\"ABK Pressenbau\" \/>\n<meta property=\"article:modified_time\" content=\"2025-10-07T10:43:45+00:00\" \/>\n<meta name=\"twitter:card\" content=\"summary_large_image\" \/>\n<script type=\"application\/ld+json\" class=\"yoast-schema-graph\">{\"@context\":\"https:\/\/schema.org\",\"@graph\":[{\"@type\":\"WebPage\",\"@id\":\"https:\/\/abk-pressenbau.de\/es\/noticias\/\",\"url\":\"https:\/\/abk-pressenbau.de\/es\/noticias\/\",\"name\":\"Noticias - ABK Pressenbau\",\"isPartOf\":{\"@id\":\"https:\/\/abk-pressenbau.de\/es\/#website\"},\"datePublished\":\"2025-07-31T08:14:45+00:00\",\"dateModified\":\"2025-10-07T10:43:45+00:00\",\"breadcrumb\":{\"@id\":\"https:\/\/abk-pressenbau.de\/es\/noticias\/#breadcrumb\"},\"inLanguage\":\"es\",\"potentialAction\":[{\"@type\":\"ReadAction\",\"target\":[\"https:\/\/abk-pressenbau.de\/es\/noticias\/\"]}]},{\"@type\":\"BreadcrumbList\",\"@id\":\"https:\/\/abk-pressenbau.de\/es\/noticias\/#breadcrumb\",\"itemListElement\":[{\"@type\":\"ListItem\",\"position\":1,\"name\":\"Home\",\"item\":\"https:\/\/abk-pressenbau.de\/es\/\"},{\"@type\":\"ListItem\",\"position\":2,\"name\":\"Noticias\"}]},{\"@type\":\"WebSite\",\"@id\":\"https:\/\/abk-pressenbau.de\/es\/#website\",\"url\":\"https:\/\/abk-pressenbau.de\/es\/\",\"name\":\"ABK Pressenbau\",\"description\":\"Innovative Pressentechnologie f\u00fcr effiziente und zuverl\u00e4ssige Fertigungsl\u00f6sungen.\",\"publisher\":{\"@id\":\"https:\/\/abk-pressenbau.de\/es\/#organization\"},\"potentialAction\":[{\"@type\":\"SearchAction\",\"target\":{\"@type\":\"EntryPoint\",\"urlTemplate\":\"https:\/\/abk-pressenbau.de\/es\/?s={search_term_string}\"},\"query-input\":{\"@type\":\"PropertyValueSpecification\",\"valueRequired\":true,\"valueName\":\"search_term_string\"}}],\"inLanguage\":\"es\"},{\"@type\":\"Organization\",\"@id\":\"https:\/\/abk-pressenbau.de\/es\/#organization\",\"name\":\"ABK Pressenbau\",\"url\":\"https:\/\/abk-pressenbau.de\/es\/\",\"logo\":{\"@type\":\"ImageObject\",\"inLanguage\":\"es\",\"@id\":\"https:\/\/abk-pressenbau.de\/es\/#\/schema\/logo\/image\/\",\"url\":\"https:\/\/abk-pressenbau.de\/wp-content\/uploads\/ABK-Favicon-Logo2-EN.jpg\",\"contentUrl\":\"https:\/\/abk-pressenbau.de\/wp-content\/uploads\/ABK-Favicon-Logo2-EN.jpg\",\"width\":512,\"height\":512,\"caption\":\"ABK Pressenbau\"},\"image\":{\"@id\":\"https:\/\/abk-pressenbau.de\/es\/#\/schema\/logo\/image\/\"}}]}<\/script>\n<!-- \/ Yoast SEO plugin. -->","yoast_head_json":{"title":"Noticias - ABK Pressenbau","robots":{"index":"index","follow":"follow","max-snippet":"max-snippet:-1","max-image-preview":"max-image-preview:large","max-video-preview":"max-video-preview:-1"},"canonical":"https:\/\/abk-pressenbau.de\/es\/noticias\/","og_locale":"es_ES","og_type":"article","og_title":"Noticias - ABK Pressenbau","og_description":"Noticias Actualidad en abk Pressenbau Mant\u00e9ngase informado: Aqu\u00ed encontrar\u00e1 noticias actuales, comunicados de prensa, participaciones en ferias y novedades sobre abk Pressenbau.Ya sean innovaciones t\u00e9cnicas, nuevos proyectos o una mirada entre bastidores, le mantenemos al d\u00eda. Innovation Produkte Unternehmen Todos","og_url":"https:\/\/abk-pressenbau.de\/es\/noticias\/","og_site_name":"ABK Pressenbau","article_modified_time":"2025-10-07T10:43:45+00:00","twitter_card":"summary_large_image","schema":{"@context":"https:\/\/schema.org","@graph":[{"@type":"WebPage","@id":"https:\/\/abk-pressenbau.de\/es\/noticias\/","url":"https:\/\/abk-pressenbau.de\/es\/noticias\/","name":"Noticias - ABK Pressenbau","isPartOf":{"@id":"https:\/\/abk-pressenbau.de\/es\/#website"},"datePublished":"2025-07-31T08:14:45+00:00","dateModified":"2025-10-07T10:43:45+00:00","breadcrumb":{"@id":"https:\/\/abk-pressenbau.de\/es\/noticias\/#breadcrumb"},"inLanguage":"es","potentialAction":[{"@type":"ReadAction","target":["https:\/\/abk-pressenbau.de\/es\/noticias\/"]}]},{"@type":"BreadcrumbList","@id":"https:\/\/abk-pressenbau.de\/es\/noticias\/#breadcrumb","itemListElement":[{"@type":"ListItem","position":1,"name":"Home","item":"https:\/\/abk-pressenbau.de\/es\/"},{"@type":"ListItem","position":2,"name":"Noticias"}]},{"@type":"WebSite","@id":"https:\/\/abk-pressenbau.de\/es\/#website","url":"https:\/\/abk-pressenbau.de\/es\/","name":"ABK Pressenbau","description":"Innovative Pressentechnologie f\u00fcr effiziente und zuverl\u00e4ssige Fertigungsl\u00f6sungen.","publisher":{"@id":"https:\/\/abk-pressenbau.de\/es\/#organization"},"potentialAction":[{"@type":"SearchAction","target":{"@type":"EntryPoint","urlTemplate":"https:\/\/abk-pressenbau.de\/es\/?s={search_term_string}"},"query-input":{"@type":"PropertyValueSpecification","valueRequired":true,"valueName":"search_term_string"}}],"inLanguage":"es"},{"@type":"Organization","@id":"https:\/\/abk-pressenbau.de\/es\/#organization","name":"ABK Pressenbau","url":"https:\/\/abk-pressenbau.de\/es\/","logo":{"@type":"ImageObject","inLanguage":"es","@id":"https:\/\/abk-pressenbau.de\/es\/#\/schema\/logo\/image\/","url":"https:\/\/abk-pressenbau.de\/wp-content\/uploads\/ABK-Favicon-Logo2-EN.jpg","contentUrl":"https:\/\/abk-pressenbau.de\/wp-content\/uploads\/ABK-Favicon-Logo2-EN.jpg","width":512,"height":512,"caption":"ABK Pressenbau"},"image":{"@id":"https:\/\/abk-pressenbau.de\/es\/#\/schema\/logo\/image\/"}}]}},"_links":{"self":[{"href":"https:\/\/abk-pressenbau.de\/es\/wp-json\/wp\/v2\/pages\/5600","targetHints":{"allow":["GET"]}}],"collection":[{"href":"https:\/\/abk-pressenbau.de\/es\/wp-json\/wp\/v2\/pages"}],"about":[{"href":"https:\/\/abk-pressenbau.de\/es\/wp-json\/wp\/v2\/types\/page"}],"author":[{"embeddable":true,"href":"https:\/\/abk-pressenbau.de\/es\/wp-json\/wp\/v2\/users\/1"}],"replies":[{"embeddable":true,"href":"https:\/\/abk-pressenbau.de\/es\/wp-json\/wp\/v2\/comments?post=5600"}],"version-history":[{"count":7,"href":"https:\/\/abk-pressenbau.de\/es\/wp-json\/wp\/v2\/pages\/5600\/revisions"}],"predecessor-version":[{"id":6628,"href":"https:\/\/abk-pressenbau.de\/es\/wp-json\/wp\/v2\/pages\/5600\/revisions\/6628"}],"wp:attachment":[{"href":"https:\/\/abk-pressenbau.de\/es\/wp-json\/wp\/v2\/media?parent=5600"}],"curies":[{"name":"wp","href":"https:\/\/api.w.org\/{rel}","templated":true}]}}